{"id":1250,"date":"2018-03-15T13:43:25","date_gmt":"2018-03-15T10:43:25","guid":{"rendered":"http:\/\/dummy.xtemos.com\/basel\/vers\/?page_id=1250"},"modified":"2021-04-27T16:33:02","modified_gmt":"2021-04-27T13:33:02","slug":"home-fashion-new","status":"publish","type":"page","link":"https:\/\/tanerambalaj.com\/","title":{"rendered":"Anasayfa"},"content":{"rendered":"<p>[vc_row full_width=&#8221;stretch_row_content_no_spaces&#8221; css_animation=&#8221;fadeIn&#8221; css=&#8221;.vc_custom_1619519180482{margin-top: 70px !important;margin-bottom: 0px !important;}&#8221;][vc_column][rev_slider_vc alias=&#8221;aven-slider&#8221;][\/vc_column][\/vc_row][vc_row disable_element=&#8221;yes&#8221;][vc_column][vc_empty_space height=&#8221;40&#8243;][\/vc_column][\/vc_row][vc_row full_width=&#8221;stretch_row&#8221; gap=&#8221;35&#8243; content_placement=&#8221;middle&#8221; css=&#8221;.vc_custom_1619078936047{margin-top: 40px !important;margin-bottom: 40px !important;}&#8221;][vc_column width=&#8221;1\/2&#8243;][vc_column_text]<\/p>\n<h1 class=\"abc\" style=\"text-align: left; font-family: Montserrat; font-size: 45px;\">Z Karton<\/h1>\n<p>[\/vc_column_text][vc_column_text]<\/p>\n<p style=\"text-align: left; font-family: Montserrat; font-size: 13px;\">Zkarton, bir akardiyon \u015feklinde katlanm\u0131\u015f kesintisiz bir oluklu mukavva tabakas\u0131d\u0131r. \u00c7ok say\u0131da farkl\u0131 ebatta \u00fcr\u00fcne sahip olan ve \u00e7ok say\u0131da farkl\u0131 ambalaj \u00f6zelli\u011fi kullanan m\u00fc\u015fteriler i\u00e7in ideal bir \u00e7\u00f6z\u00fcmd\u00fcr. Zkarton, daha az boyutun stokta tutulmas\u0131 gerekti\u011finden, ambalaj\u0131n\u0131zda daha az malzeme kullanman\u0131za yard\u0131mc\u0131 olarak ve stoklar\u0131 d\u00fc\u015f\u00fcrerek uygun maliyetli bir \u00e7\u00f6z\u00fcm sunar. \u00c7e\u015fitli ebat ve miktarlarda farkl\u0131 \u00fcr\u00fcnleri paketlemek i\u00e7in kullan\u0131labildi\u011finden maksimum esneklik sunar. Kendi tesisinizde, ihtiya\u00e7lar\u0131n\u0131za g\u00f6re istedi\u011finiz \u00f6l\u00e7\u00fcye g\u00f6re paketler olu\u015fturman\u0131za olanak tan\u0131yan \u00f6zel Zkarton kesme makineleri de mevcuttur.<\/p>\n<p>[\/vc_column_text][vc_column_text]<\/p>\n<h3 class=\"tbk__title\">FAYDALARI<\/h3>\n<div class=\"tbk__text\">\n<ul class=\"font_9 wix-list-text-align color_11\">\n<li>\n<p class=\"font_9\"><span class=\"color_11\">Nakliye hasar\u0131nda azalma.\u00a0<\/span><\/p>\n<\/li>\n<li>\n<p class=\"font_9\"><span class=\"color_11\">Daha d\u00fc\u015f\u00fck stok\u00a0&#8211; bir\u00e7ok ayr\u0131 paketleme format\u0131n\u0131n yerini al\u0131r.<\/span><\/p>\n<\/li>\n<li>\n<p class=\"font_9\"><span class=\"color_11\">Daha az y\u00f6netim &#8211; basitle\u015ftirilmi\u015f depolama, stok y\u00f6netimi ve sipari\u015f.\u00a0<\/span><\/p>\n<\/li>\n<li>\n<p class=\"font_9\"><span class=\"color_11\">Azalt\u0131lm\u0131\u015f malzeme t\u00fcketimi &#8211; ekstra dolgu malzemesi ihtiyac\u0131n\u0131 ortadan kald\u0131r\u0131r.\u00a0<\/span><\/p>\n<\/li>\n<li>\n<p class=\"font_9\"><span class=\"color_11\">Ara\u00e7lar\u0131n optimize edilmi\u015f kapasite kullan\u0131m\u0131 nedeniyle azalan nakliye maliyetleri.<\/span><\/p>\n<\/li>\n<li>\n<p class=\"font_9\"><span class=\"color_11\">Bask\u0131l\u0131 olarak tedarik edilebilir<\/span><\/p>\n<\/li>\n<li>\n<p class=\"font_9\"><span class=\"color_11\">K\u0131sa teslim s\u00fcreleri.<\/span><\/p>\n<\/li>\n<li>\n<p class=\"font_9\"><span class=\"color_11\">D\u00fc\u015f\u00fck minimum sipari\u015f miktar\u0131<\/span><\/p>\n<\/li>\n<\/ul>\n<\/div>\n<p>[\/vc_column_text][vc_btn title=&#8221;Devam\u0131 \u0130\u00e7in T\u0131klay\u0131n&#8221; shape=&#8221;round&#8221; color=&#8221;warning&#8221; align=&#8221;left&#8221; link=&#8221;url:%20http%3A%2F%2Ftanerambalaj.com%2Findex.php%2Fz-karton%2F&#8221;][\/vc_column][vc_column width=&#8221;1\/2&#8243;][vc_single_image image=&#8221;1858&#8243; img_size=&#8221;full&#8221; alignment=&#8221;right&#8221;][\/vc_column][\/vc_row][vc_row full_width=&#8221;stretch_row&#8221;][vc_column][vc_custom_heading text=&#8221;\u00dcr\u00fcnler&#8221; font_container=&#8221;tag:h1|font_size:35px|text_align:left|color:%23000000&#8243; google_fonts=&#8221;font_family:Montserrat%3Aregular%2C700|font_style:700%20bold%20regular%3A700%3Anormal&#8221; el_class=&#8221;abc&#8221;][vc_row_inner][vc_column_inner width=&#8221;1\/5&#8243; offset=&#8221;vc_col-xs-6&#8243;]\n\t\t\t<div class=\"promo-banner cursor-pointer text-left vertical-alignment-top banner- hover- color-scheme-light \" onclick=\"window.location.href='http:\/\/tanerambalaj.com\/index.php\/strec-film\/'\" >\n\n\t\t\t\t<div class=\"main-wrapp-img\">\n\t\t\t\t\t<div class=\"banner-image\">\n\t\t\t\t\t\t\t\t\t\t\t\t\t\t\t\t\t\t\t\t\t<img loading=\"lazy\" decoding=\"async\" width=\"298\" height=\"382\" src=\"https:\/\/tanerambalaj.com\/wp-content\/uploads\/2021\/04\/yeni.jpg\" class=\"promo-banner-image image-1 attachment-full\" alt=\"\" srcset=\"https:\/\/tanerambalaj.com\/wp-content\/uploads\/2021\/04\/yeni.jpg 298w, https:\/\/tanerambalaj.com\/wp-content\/uploads\/2021\/04\/yeni-234x300.jpg 234w\" sizes=\"auto, (max-width: 298px) 100vw, 298px\" \/>\t\t\t\t\t\t\t\t\t\t\t\t\t\t\t\t\t\t<\/div>\n\t\t\t\t<\/div>\n\n\t\t\t\t<div class=\"wrapper-content-baner\">\n\t\t\t\t\t<div class=\"banner-inner\">\n\t\t\t\t\t\t\t\t\t\t\t<\/div>\n\t\t\t\t<\/div>\n\n\t\t\t<\/div>\n\n\n\t\t[\/vc_column_inner][vc_column_inner width=&#8221;1\/5&#8243; offset=&#8221;vc_col-xs-6&#8243;]\n\t\t\t<div class=\"promo-banner cursor-pointer text-left vertical-alignment-top banner- hover- color-scheme-light \" onclick=\"window.location.href='http:\/\/tanerambalaj.com\/index.php\/eps-strafor\/'\" >\n\n\t\t\t\t<div class=\"main-wrapp-img\">\n\t\t\t\t\t<div class=\"banner-image\">\n\t\t\t\t\t\t\t\t\t\t\t\t\t\t\t\t\t\t\t\t\t<img loading=\"lazy\" decoding=\"async\" width=\"298\" height=\"382\" src=\"https:\/\/tanerambalaj.com\/wp-content\/uploads\/2021\/04\/1.jpg\" class=\"promo-banner-image image-1 attachment-full\" alt=\"\" srcset=\"https:\/\/tanerambalaj.com\/wp-content\/uploads\/2021\/04\/1.jpg 298w, https:\/\/tanerambalaj.com\/wp-content\/uploads\/2021\/04\/1-234x300.jpg 234w\" sizes=\"auto, (max-width: 298px) 100vw, 298px\" \/>\t\t\t\t\t\t\t\t\t\t\t\t\t\t\t\t\t\t<\/div>\n\t\t\t\t<\/div>\n\n\t\t\t\t<div class=\"wrapper-content-baner\">\n\t\t\t\t\t<div class=\"banner-inner\">\n\t\t\t\t\t\t\t\t\t\t\t<\/div>\n\t\t\t\t<\/div>\n\n\t\t\t<\/div>\n\n\n\t\t[\/vc_column_inner][vc_column_inner width=&#8221;1\/5&#8243; offset=&#8221;vc_col-xs-6&#8243;]\n\t\t\t<div class=\"promo-banner cursor-pointer text-left vertical-alignment-top banner- hover- color-scheme-light \" onclick=\"window.location.href='http:\/\/tanerambalaj.com\/index.php\/kraft-ve-karton-kose-koruyucu\/'\" >\n\n\t\t\t\t<div class=\"main-wrapp-img\">\n\t\t\t\t\t<div class=\"banner-image\">\n\t\t\t\t\t\t\t\t\t\t\t\t\t\t\t\t\t\t\t\t\t<img loading=\"lazy\" decoding=\"async\" width=\"298\" height=\"382\" src=\"https:\/\/tanerambalaj.com\/wp-content\/uploads\/2021\/04\/2.jpg\" class=\"promo-banner-image image-1 attachment-full\" alt=\"\" srcset=\"https:\/\/tanerambalaj.com\/wp-content\/uploads\/2021\/04\/2.jpg 298w, https:\/\/tanerambalaj.com\/wp-content\/uploads\/2021\/04\/2-234x300.jpg 234w\" sizes=\"auto, (max-width: 298px) 100vw, 298px\" \/>\t\t\t\t\t\t\t\t\t\t\t\t\t\t\t\t\t\t<\/div>\n\t\t\t\t<\/div>\n\n\t\t\t\t<div class=\"wrapper-content-baner\">\n\t\t\t\t\t<div class=\"banner-inner\">\n\t\t\t\t\t\t\t\t\t\t\t<\/div>\n\t\t\t\t<\/div>\n\n\t\t\t<\/div>\n\n\n\t\t[\/vc_column_inner][vc_column_inner width=&#8221;1\/5&#8243; offset=&#8221;vc_col-xs-6&#8243;]\n\t\t\t<div class=\"promo-banner cursor-pointer text-left vertical-alignment-top banner- hover- color-scheme-light \" onclick=\"window.location.href='http:\/\/tanerambalaj.com\/index.php\/koli-bant\/'\" >\n\n\t\t\t\t<div class=\"main-wrapp-img\">\n\t\t\t\t\t<div class=\"banner-image\">\n\t\t\t\t\t\t\t\t\t\t\t\t\t\t\t\t\t\t\t\t\t<img loading=\"lazy\" decoding=\"async\" width=\"298\" height=\"382\" src=\"https:\/\/tanerambalaj.com\/wp-content\/uploads\/2021\/04\/3.jpg\" class=\"promo-banner-image image-1 attachment-full\" alt=\"\" srcset=\"https:\/\/tanerambalaj.com\/wp-content\/uploads\/2021\/04\/3.jpg 298w, https:\/\/tanerambalaj.com\/wp-content\/uploads\/2021\/04\/3-234x300.jpg 234w\" sizes=\"auto, (max-width: 298px) 100vw, 298px\" \/>\t\t\t\t\t\t\t\t\t\t\t\t\t\t\t\t\t\t<\/div>\n\t\t\t\t<\/div>\n\n\t\t\t\t<div class=\"wrapper-content-baner\">\n\t\t\t\t\t<div class=\"banner-inner\">\n\t\t\t\t\t\t\t\t\t\t\t<\/div>\n\t\t\t\t<\/div>\n\n\t\t\t<\/div>\n\n\n\t\t[\/vc_column_inner][vc_column_inner width=&#8221;1\/5&#8243;]\n\t\t\t<div class=\"promo-banner cursor-pointer text-left vertical-alignment-top banner- hover- color-scheme-light \" onclick=\"window.location.href='http:\/\/tanerambalaj.com\/index.php\/ondula\/'\" >\n\n\t\t\t\t<div class=\"main-wrapp-img\">\n\t\t\t\t\t<div class=\"banner-image\">\n\t\t\t\t\t\t\t\t\t\t\t\t\t\t\t\t\t\t\t\t\t<img loading=\"lazy\" decoding=\"async\" width=\"298\" height=\"382\" src=\"https:\/\/tanerambalaj.com\/wp-content\/uploads\/2021\/04\/5-2.jpg\" class=\"promo-banner-image image-1 attachment-full\" alt=\"\" srcset=\"https:\/\/tanerambalaj.com\/wp-content\/uploads\/2021\/04\/5-2.jpg 298w, https:\/\/tanerambalaj.com\/wp-content\/uploads\/2021\/04\/5-2-234x300.jpg 234w\" sizes=\"auto, (max-width: 298px) 100vw, 298px\" \/>\t\t\t\t\t\t\t\t\t\t\t\t\t\t\t\t\t\t<\/div>\n\t\t\t\t<\/div>\n\n\t\t\t\t<div class=\"wrapper-content-baner\">\n\t\t\t\t\t<div class=\"banner-inner\">\n\t\t\t\t\t\t\t\t\t\t\t<\/div>\n\t\t\t\t<\/div>\n\n\t\t\t<\/div>\n\n\n\t\t[\/vc_column_inner][\/vc_row_inner][vc_row_inner][vc_column_inner width=&#8221;1\/5&#8243; offset=&#8221;vc_col-xs-6&#8243;]\n\t\t\t<div class=\"promo-banner cursor-pointer text-left vertical-alignment-top banner- hover- color-scheme-light \" onclick=\"window.location.href='http:\/\/tanerambalaj.com\/index.php\/balonlu-naylon\/'\" >\n\n\t\t\t\t<div class=\"main-wrapp-img\">\n\t\t\t\t\t<div class=\"banner-image\">\n\t\t\t\t\t\t\t\t\t\t\t\t\t\t\t\t\t\t\t\t\t<img loading=\"lazy\" decoding=\"async\" width=\"298\" height=\"382\" src=\"https:\/\/tanerambalaj.com\/wp-content\/uploads\/2021\/04\/4.jpg\" class=\"promo-banner-image image-1 attachment-full\" alt=\"\" srcset=\"https:\/\/tanerambalaj.com\/wp-content\/uploads\/2021\/04\/4.jpg 298w, https:\/\/tanerambalaj.com\/wp-content\/uploads\/2021\/04\/4-234x300.jpg 234w\" sizes=\"auto, (max-width: 298px) 100vw, 298px\" \/>\t\t\t\t\t\t\t\t\t\t\t\t\t\t\t\t\t\t<\/div>\n\t\t\t\t<\/div>\n\n\t\t\t\t<div class=\"wrapper-content-baner\">\n\t\t\t\t\t<div class=\"banner-inner\">\n\t\t\t\t\t\t\t\t\t\t\t<\/div>\n\t\t\t\t<\/div>\n\n\t\t\t<\/div>\n\n\n\t\t[\/vc_column_inner][vc_column_inner width=&#8221;1\/5&#8243; offset=&#8221;vc_col-xs-6&#8243;]\n\t\t\t<div class=\"promo-banner cursor-pointer text-left vertical-alignment-top banner- hover- color-scheme-light \" onclick=\"window.location.href='http:\/\/tanerambalaj.com\/index.php\/karton-kutu\/'\" >\n\n\t\t\t\t<div class=\"main-wrapp-img\">\n\t\t\t\t\t<div class=\"banner-image\">\n\t\t\t\t\t\t\t\t\t\t\t\t\t\t\t\t\t\t\t\t\t<img loading=\"lazy\" decoding=\"async\" width=\"298\" height=\"382\" src=\"https:\/\/tanerambalaj.com\/wp-content\/uploads\/2021\/04\/Karton-kutu.jpg\" class=\"promo-banner-image image-1 attachment-full\" alt=\"\" srcset=\"https:\/\/tanerambalaj.com\/wp-content\/uploads\/2021\/04\/Karton-kutu.jpg 298w, https:\/\/tanerambalaj.com\/wp-content\/uploads\/2021\/04\/Karton-kutu-234x300.jpg 234w\" sizes=\"auto, (max-width: 298px) 100vw, 298px\" \/>\t\t\t\t\t\t\t\t\t\t\t\t\t\t\t\t\t\t<\/div>\n\t\t\t\t<\/div>\n\n\t\t\t\t<div class=\"wrapper-content-baner\">\n\t\t\t\t\t<div class=\"banner-inner\">\n\t\t\t\t\t\t\t\t\t\t\t<\/div>\n\t\t\t\t<\/div>\n\n\t\t\t<\/div>\n\n\n\t\t[\/vc_column_inner][vc_column_inner width=&#8221;1\/5&#8243; offset=&#8221;vc_col-xs-6&#8243;]\n\t\t\t<div class=\"promo-banner cursor-pointer text-left vertical-alignment-top banner- hover- color-scheme-light \" onclick=\"window.location.href='http:\/\/tanerambalaj.com\/index.php\/tela\/'\" >\n\n\t\t\t\t<div class=\"main-wrapp-img\">\n\t\t\t\t\t<div class=\"banner-image\">\n\t\t\t\t\t\t\t\t\t\t\t\t\t\t\t\t\t\t\t\t\t<img loading=\"lazy\" decoding=\"async\" width=\"298\" height=\"382\" src=\"https:\/\/tanerambalaj.com\/wp-content\/uploads\/2021\/04\/tela.jpg\" class=\"promo-banner-image image-1 attachment-full\" alt=\"\" srcset=\"https:\/\/tanerambalaj.com\/wp-content\/uploads\/2021\/04\/tela.jpg 298w, https:\/\/tanerambalaj.com\/wp-content\/uploads\/2021\/04\/tela-234x300.jpg 234w\" sizes=\"auto, (max-width: 298px) 100vw, 298px\" \/>\t\t\t\t\t\t\t\t\t\t\t\t\t\t\t\t\t\t<\/div>\n\t\t\t\t<\/div>\n\n\t\t\t\t<div class=\"wrapper-content-baner\">\n\t\t\t\t\t<div class=\"banner-inner\">\n\t\t\t\t\t\t\t\t\t\t\t<\/div>\n\t\t\t\t<\/div>\n\n\t\t\t<\/div>\n\n\n\t\t[\/vc_column_inner][vc_column_inner width=&#8221;1\/5&#8243; offset=&#8221;vc_col-xs-6&#8243;]\n\t\t\t<div class=\"promo-banner cursor-pointer text-left vertical-alignment-top banner- hover- color-scheme-light \" onclick=\"window.location.href='http:\/\/tanerambalaj.com\/index.php\/oluklu-mukavva\/'\" >\n\n\t\t\t\t<div class=\"main-wrapp-img\">\n\t\t\t\t\t<div class=\"banner-image\">\n\t\t\t\t\t\t\t\t\t\t\t\t\t\t\t\t\t\t\t\t\t<img loading=\"lazy\" decoding=\"async\" width=\"298\" height=\"382\" src=\"https:\/\/tanerambalaj.com\/wp-content\/uploads\/2021\/04\/6-2.jpg\" class=\"promo-banner-image image-1 attachment-full\" alt=\"\" srcset=\"https:\/\/tanerambalaj.com\/wp-content\/uploads\/2021\/04\/6-2.jpg 298w, https:\/\/tanerambalaj.com\/wp-content\/uploads\/2021\/04\/6-2-234x300.jpg 234w\" sizes=\"auto, (max-width: 298px) 100vw, 298px\" \/>\t\t\t\t\t\t\t\t\t\t\t\t\t\t\t\t\t\t<\/div>\n\t\t\t\t<\/div>\n\n\t\t\t\t<div class=\"wrapper-content-baner\">\n\t\t\t\t\t<div class=\"banner-inner\">\n\t\t\t\t\t\t\t\t\t\t\t<\/div>\n\t\t\t\t<\/div>\n\n\t\t\t<\/div>\n\n\n\t\t[\/vc_column_inner][vc_column_inner width=&#8221;1\/5&#8243;]\n\t\t\t<div class=\"promo-banner cursor-pointer text-left vertical-alignment-top banner- hover- color-scheme-light \" onclick=\"window.location.href='http:\/\/tanerambalaj.com\/index.php\/silte\/'\" >\n\n\t\t\t\t<div class=\"main-wrapp-img\">\n\t\t\t\t\t<div class=\"banner-image\">\n\t\t\t\t\t\t\t\t\t\t\t\t\t\t\t\t\t\t\t\t\t<img loading=\"lazy\" decoding=\"async\" width=\"298\" height=\"382\" src=\"https:\/\/tanerambalaj.com\/wp-content\/uploads\/2021\/04\/7.jpg\" class=\"promo-banner-image image-1 attachment-full\" alt=\"\" srcset=\"https:\/\/tanerambalaj.com\/wp-content\/uploads\/2021\/04\/7.jpg 298w, https:\/\/tanerambalaj.com\/wp-content\/uploads\/2021\/04\/7-234x300.jpg 234w\" sizes=\"auto, (max-width: 298px) 100vw, 298px\" \/>\t\t\t\t\t\t\t\t\t\t\t\t\t\t\t\t\t\t<\/div>\n\t\t\t\t<\/div>\n\n\t\t\t\t<div class=\"wrapper-content-baner\">\n\t\t\t\t\t<div class=\"banner-inner\">\n\t\t\t\t\t\t\t\t\t\t\t<\/div>\n\t\t\t\t<\/div>\n\n\t\t\t<\/div>\n\n\n\t\t[\/vc_column_inner][\/vc_row_inner][\/vc_column][\/vc_row][vc_row full_width=&#8221;stretch_row&#8221; gap=&#8221;35&#8243; content_placement=&#8221;middle&#8221; css=&#8221;.vc_custom_1619077748977{margin-top: 40px !important;background-color: rgba(237,237,237,0.22) !important;*background-color: rgb(237,237,237) !important;}&#8221;][vc_column width=&#8221;1\/2&#8243;][vc_single_image image=&#8221;1903&#8243; img_size=&#8221;full&#8221; alignment=&#8221;right&#8221;][\/vc_column][vc_column width=&#8221;1\/2&#8243;][vc_column_text]<\/p>\n<h1 class=\"abc\" style=\"text-align: left; font-family: Montserrat; font-size: 45px;\">Hakk\u0131m\u0131zda<\/h1>\n<p>[\/vc_column_text][vc_column_text]TANER KARAKAYA<\/p>\n<p>1988 \u0130neg\u00f6l do\u011fumluyum. 2010 y\u0131l\u0131n\u0131n ba\u015f\u0131nda ambalaj i\u015fine ba\u015flad\u0131m. Daha \u00f6nce eni\u015ftemle OlmukSA\u2019n\u0131n alt i\u015fverenleri olarak i\u015f yap\u0131yorduk.<\/p>\n<p>2010 y\u0131l\u0131n\u0131n ba\u015f\u0131nda komple ambalaj i\u015fine girdim. Mobilya, sekt\u00f6r ve g\u0131da sanayine hizmetimizi vermekteyiz.[\/vc_column_text][vc_column_text]<strong>BASKILI PLAKA<\/strong><\/p>\n<p>Taner Karakaya;<\/p>\n<p>\u201cOluklu mukavvadan kutu \u00fcretiyoruz. Bir de mobilyada kullan\u0131lan bask\u0131l\u0131 plakay\u0131 \u00fcretip m\u00fc\u015fteriye sat\u0131yoruz. Mobilya ambalaj malzemelerinde ambalaj olarak ne gerekliyse \u00fcretiyor ya da al\u0131p sat\u0131yoruz.\u201d[\/vc_column_text][vc_btn title=&#8221;Devam\u0131 \u0130\u00e7in T\u0131klay\u0131n&#8221; shape=&#8221;round&#8221; color=&#8221;warning&#8221; align=&#8221;left&#8221; link=&#8221;url:http%3A%2F%2Ftanerambalaj.com%2Findex.php%2Fkurumsal%2F&#8221;][\/vc_column][\/vc_row]<\/p>\n","protected":false},"excerpt":{"rendered":"<p>[vc_row full_width=&#8221;stretch_row_content_no_spaces&#8221; css_animation=&#8221;fadeIn&#8221; css=&#8221;.vc_custom_1619519180482{margin-top: 70px !important;margin-bottom: 0px !important;}&#8221;][vc_column][rev_slider_vc alias=&#8221;aven-slider&#8221;][\/vc_column][\/vc_row][vc_row disable_element=&#8221;yes&#8221;][vc_column][vc_empty_space height=&#8221;40&#8243;][\/vc_column][\/vc_row][vc_row full_width=&#8221;stretch_row&#8221; gap=&#8221;35&#8243; content_placement=&#8221;middle&#8221; css=&#8221;.vc_custom_1619078936047{margin-top: 40px !important;margin-bottom: 40px !important;}&#8221;][vc_column width=&#8221;1\/2&#8243;][vc_column_text]<\/p>\n","protected":false},"author":1,"featured_media":0,"parent":0,"menu_order":0,"comment_status":"closed","ping_status":"closed","template":"","meta":{"footnotes":""},"class_list":["post-1250","page","type-page","status-publish","hentry"],"_links":{"self":[{"href":"https:\/\/tanerambalaj.com\/index.php\/wp-json\/wp\/v2\/pages\/1250","targetHints":{"allow":["GET"]}}],"collection":[{"href":"https:\/\/tanerambalaj.com\/index.php\/wp-json\/wp\/v2\/pages"}],"about":[{"href":"https:\/\/tanerambalaj.com\/index.php\/wp-json\/wp\/v2\/types\/page"}],"author":[{"embeddable":true,"href":"https:\/\/tanerambalaj.com\/index.php\/wp-json\/wp\/v2\/users\/1"}],"replies":[{"embeddable":true,"href":"https:\/\/tanerambalaj.com\/index.php\/wp-json\/wp\/v2\/comments?post=1250"}],"version-history":[{"count":90,"href":"https:\/\/tanerambalaj.com\/index.php\/wp-json\/wp\/v2\/pages\/1250\/revisions"}],"predecessor-version":[{"id":1908,"href":"https:\/\/tanerambalaj.com\/index.php\/wp-json\/wp\/v2\/pages\/1250\/revisions\/1908"}],"wp:attachment":[{"href":"https:\/\/tanerambalaj.com\/index.php\/wp-json\/wp\/v2\/media?parent=1250"}],"curies":[{"name":"wp","href":"https:\/\/api.w.org\/{rel}","templated":true}]}}