{"id":1595,"date":"2021-02-18T14:02:07","date_gmt":"2021-02-18T11:02:07","guid":{"rendered":"http:\/\/tanerambalaj.com\/?page_id=1595"},"modified":"2021-04-29T10:43:13","modified_gmt":"2021-04-29T07:43:13","slug":"kurumsal","status":"publish","type":"page","link":"https:\/\/tanerambalaj.com\/index.php\/kurumsal\/","title":{"rendered":"Kurumsal"},"content":{"rendered":"<p>[vc_row][vc_column]\n\t\t\t<div class=\"promo-banner text-left vertical-alignment-top banner- hover- color-scheme-light \"  >\n\n\t\t\t\t<div class=\"main-wrapp-img\">\n\t\t\t\t\t<div class=\"banner-image\">\n\t\t\t\t\t\t\t\t\t\t\t\t\t\t\t\t\t\t\t\t\t<img loading=\"lazy\" decoding=\"async\" width=\"1250\" height=\"300\" src=\"https:\/\/tanerambalaj.com\/wp-content\/uploads\/2021\/04\/taner-ambalaj1.jpg\" class=\"promo-banner-image image-1 attachment-full\" alt=\"\" srcset=\"https:\/\/tanerambalaj.com\/wp-content\/uploads\/2021\/04\/taner-ambalaj1.jpg 1250w, https:\/\/tanerambalaj.com\/wp-content\/uploads\/2021\/04\/taner-ambalaj1-300x72.jpg 300w, https:\/\/tanerambalaj.com\/wp-content\/uploads\/2021\/04\/taner-ambalaj1-1024x246.jpg 1024w, https:\/\/tanerambalaj.com\/wp-content\/uploads\/2021\/04\/taner-ambalaj1-768x184.jpg 768w\" sizes=\"auto, (max-width: 1250px) 100vw, 1250px\" \/>\t\t\t\t\t\t\t\t\t\t\t\t\t\t\t\t\t\t<\/div>\n\t\t\t\t<\/div>\n\n\t\t\t\t<div class=\"wrapper-content-baner\">\n\t\t\t\t\t<div class=\"banner-inner\">\n\t\t\t\t\t\t\t\t\t\t\t<\/div>\n\t\t\t\t<\/div>\n\n\t\t\t<\/div>\n\n\n\t\t[\/vc_column][\/vc_row][vc_row][vc_column][vc_column_text]TANER KARAKAYA<\/p>\n<p>1988 \u0130neg\u00f6l do\u011fumluyum. 2010 y\u0131l\u0131n\u0131n ba\u015f\u0131nda ambalaj i\u015fine ba\u015flad\u0131m. Daha \u00f6nce eni\u015ftemle OlmukSA\u2019n\u0131n alt i\u015fverenleri olarak i\u015f yap\u0131yorduk.<\/p>\n<p>2010 y\u0131l\u0131n\u0131n ba\u015f\u0131nda komple ambalaj i\u015fine girdim. Mobilya, sekt\u00f6r ve g\u0131da sanayine hizmetimizi vermekteyiz.[\/vc_column_text][\/vc_column][\/vc_row][vc_row][vc_column][vc_column_text]<strong>2010 YILINDA BA\u015eLADIM<\/strong><\/p>\n<p><strong>BASKILI PLAKA<\/strong><\/p>\n<p>Taner Karakaya;<\/p>\n<p>\u201cOluklu mukavvadan kutu \u00fcretiyoruz. Bir de mobilyada kullan\u0131lan bask\u0131l\u0131 plakay\u0131 \u00fcretip m\u00fc\u015fteriye sat\u0131yoruz.<\/p>\n<p>Mobilya ambalaj malzemelerinde ambalaj olarak ne gerekliyse \u00fcretiyor ya da al\u0131p sat\u0131yoruz.\u201d<\/p>\n<p><strong>M\u00dc\u015eTER\u0130N\u0130N \u0130STED\u0130\u011e\u0130 \u00d6L\u00c7\u00dcDE<\/strong><\/p>\n<p>Taner Karakaya da \u00fcretim s\u00fcreci ile ilgili olarak \u015funlar\u0131 s\u00f6yledi: \u201cOluklu mukavvay\u0131 plaka olarak al\u0131yoruz.<\/p>\n<p>2 b\u00fcy\u00fck firmadan tedarik ediyoruz. Bunlar\u0131 d\u00fcz plaka olarak sipari\u015f ediyoruz. Bize geliyor ve m\u00fc\u015fterinin iste\u011fine g\u00f6re \u00f6l\u00e7\u00fclendirip istedi\u011fi \u015fekilde kutu ve bask\u0131l\u0131 plaka olarak sat\u0131yoruz.<\/p>\n<p>M\u00fc\u015fterilerimiz bize \u00f6l\u00e7\u00fcy\u00fc veriyor. Onu makinelerimizde ayarlay\u0131p bask\u0131land\u0131r\u0131p; m\u00fc\u015fterilerimize g\u00f6nderiyoruz\u201d<\/p>\n<p><strong>\u00c7O\u011eUNLUK MOB\u0130LYA SEKT\u00d6R\u00dcNE<\/strong><\/p>\n<p>\u201c% 90 \u0130neg\u00f6l\u2019e \u00e7al\u0131\u015f\u0131yoruz. Bunlar\u0131n %70-80\u2019i de mobilyac\u0131. \u0130neg\u00f6l\u2019deki tekstil firmalar\u0131, \u0130neg\u00f6l\u2019\u00fcn \u00f6nde gelen mobilyac\u0131 firmalar\u0131na hizmet veriyoruz.\u201d[\/vc_column_text][\/vc_column][\/vc_row]<\/p>\n","protected":false},"excerpt":{"rendered":"<p>[vc_row][vc_column][\/vc_column][\/vc_row][vc_row][vc_column][vc_column_text]TANER KARAKAYA 1988 \u0130neg\u00f6l do\u011fumluyum. 2010 y\u0131l\u0131n\u0131n ba\u015f\u0131nda ambalaj i\u015fine ba\u015flad\u0131m. Daha \u00f6nce eni\u015ftemle OlmukSA\u2019n\u0131n alt i\u015fverenleri olarak i\u015f yap\u0131yorduk.<\/p>\n","protected":false},"author":1,"featured_media":0,"parent":0,"menu_order":0,"comment_status":"closed","ping_status":"closed","template":"","meta":{"footnotes":""},"class_list":["post-1595","page","type-page","status-publish","hentry"],"_links":{"self":[{"href":"https:\/\/tanerambalaj.com\/index.php\/wp-json\/wp\/v2\/pages\/1595","targetHints":{"allow":["GET"]}}],"collection":[{"href":"https:\/\/tanerambalaj.com\/index.php\/wp-json\/wp\/v2\/pages"}],"about":[{"href":"https:\/\/tanerambalaj.com\/index.php\/wp-json\/wp\/v2\/types\/page"}],"author":[{"embeddable":true,"href":"https:\/\/tanerambalaj.com\/index.php\/wp-json\/wp\/v2\/users\/1"}],"replies":[{"embeddable":true,"href":"https:\/\/tanerambalaj.com\/index.php\/wp-json\/wp\/v2\/comments?post=1595"}],"version-history":[{"count":7,"href":"https:\/\/tanerambalaj.com\/index.php\/wp-json\/wp\/v2\/pages\/1595\/revisions"}],"predecessor-version":[{"id":1917,"href":"https:\/\/tanerambalaj.com\/index.php\/wp-json\/wp\/v2\/pages\/1595\/revisions\/1917"}],"wp:attachment":[{"href":"https:\/\/tanerambalaj.com\/index.php\/wp-json\/wp\/v2\/media?parent=1595"}],"curies":[{"name":"wp","href":"https:\/\/api.w.org\/{rel}","templated":true}]}}