{"id":1752,"date":"2021-04-24T01:54:49","date_gmt":"2021-04-23T22:54:49","guid":{"rendered":"http:\/\/tanerambalaj.com\/?page_id=1752"},"modified":"2021-04-27T15:00:47","modified_gmt":"2021-04-27T12:00:47","slug":"oluklu-mukavva","status":"publish","type":"page","link":"https:\/\/tanerambalaj.com\/index.php\/oluklu-mukavva\/","title":{"rendered":"Oluklu Mukavva"},"content":{"rendered":"<p>[vc_row][vc_column][vc_custom_heading text=&#8221;Oluklu Mukavva&#8221; font_container=&#8221;tag:h1|font_size:25px|text_align:left|color:%23000000&#8243; google_fonts=&#8221;font_family:Montserrat%3Aregular%2C700|font_style:400%20regular%3A400%3Anormal&#8221;][vc_separator color=&#8221;orange&#8221; align=&#8221;align_left&#8221; el_width=&#8221;80&#8243;][vc_row_inner][vc_column_inner width=&#8221;1\/4&#8243;]\n\t\t\t<div class=\"promo-banner text-left vertical-alignment-top banner- hover- color-scheme-light \"  >\n\n\t\t\t\t<div class=\"main-wrapp-img\">\n\t\t\t\t\t<div class=\"banner-image\">\n\t\t\t\t\t\t\t\t\t\t\t\t\t\t\t\t\t\t\t\t\t<img loading=\"lazy\" decoding=\"async\" class=\"promo-banner-image image-1 \" src=\"https:\/\/tanerambalaj.com\/wp-content\/uploads\/2021\/04\/oluklu4.jpg\" width=\"620\" height=\"500\" alt=\"oluklu4\" title=\"oluklu4\" \/>\t\t\t\t\t\t\t\t\t\t\t\t\t\t\t\t\t\t<\/div>\n\t\t\t\t<\/div>\n\n\t\t\t\t<div class=\"wrapper-content-baner\">\n\t\t\t\t\t<div class=\"banner-inner\">\n\t\t\t\t\t\t\t\t\t\t\t<\/div>\n\t\t\t\t<\/div>\n\n\t\t\t<\/div>\n\n\n\t\t[\/vc_column_inner][vc_column_inner width=&#8221;1\/4&#8243;]\n\t\t\t<div class=\"promo-banner text-left vertical-alignment-top banner- hover- color-scheme-light \"  >\n\n\t\t\t\t<div class=\"main-wrapp-img\">\n\t\t\t\t\t<div class=\"banner-image\">\n\t\t\t\t\t\t\t\t\t\t\t\t\t\t\t\t\t\t\t\t\t<img loading=\"lazy\" decoding=\"async\" class=\"promo-banner-image image-1 \" src=\"https:\/\/tanerambalaj.com\/wp-content\/uploads\/2021\/04\/oluklu2.jpg\" width=\"620\" height=\"500\" alt=\"oluklu2\" title=\"oluklu2\" \/>\t\t\t\t\t\t\t\t\t\t\t\t\t\t\t\t\t\t<\/div>\n\t\t\t\t<\/div>\n\n\t\t\t\t<div class=\"wrapper-content-baner\">\n\t\t\t\t\t<div class=\"banner-inner\">\n\t\t\t\t\t\t\t\t\t\t\t<\/div>\n\t\t\t\t<\/div>\n\n\t\t\t<\/div>\n\n\n\t\t[\/vc_column_inner][vc_column_inner width=&#8221;1\/4&#8243;][\/vc_column_inner][vc_column_inner width=&#8221;1\/4&#8243;][\/vc_column_inner][\/vc_row_inner][vc_column_text]<\/p>\n<p style=\"text-align: left; font-family: Montserrat;\">Oluklu mukavva kolilerin yar\u0131 mamul \u015fekli olan levha tek ba\u015f\u0131na ay\u0131ra\u00e7 veya separat\u00f6r olarak kullan\u0131l\u0131r. Ayn\u0131 zamanda palet ara mukavvas\u0131 olarak da kullan\u0131l\u0131r. Katlar aras\u0131nda d\u00fczg\u00fcn ve homojen bir yap\u0131 yok ise, s\u00fcrt\u00fcnmeye ba\u011fl\u0131 olarak ezilme \u00e7izilme veya \u015ferare \u00e7\u0131kma olas\u0131l\u0131\u011f\u0131nda mutlaka kullan\u0131lmal\u0131d\u0131r. Bask\u0131l\u0131 ve Bask\u0131s\u0131z \u015fekilde Mikro(E), B ve C dalga boylar\u0131nda tek ve bunlar\u0131n kombinasyonundan olu\u015fan \u00e7ift dalga oluklu mukavva ve levha sat\u0131\u015f\u0131 ve bas\u0131m\u0131 yap\u0131lmaktad\u0131r. Zemin bask\u0131 b\u00fct\u00fcn levha boyutlar\u0131na uygulanabilmektedir.<\/p>\n<p>[\/vc_column_text][\/vc_column][\/vc_row][vc_row][vc_column][vc_custom_heading text=&#8221;\u0130ri Dalga (C)&#8221; font_container=&#8221;tag:h1|font_size:25px|text_align:left|color:%23000000&#8243; google_fonts=&#8221;font_family:Montserrat%3Aregular%2C700|font_style:400%20regular%3A400%3Anormal&#8221;][vc_separator color=&#8221;orange&#8221; align=&#8221;align_left&#8221; el_width=&#8221;80&#8243;][vc_row_inner][vc_column_inner width=&#8221;1\/4&#8243;][\/vc_column_inner][vc_column_inner width=&#8221;1\/4&#8243;][\/vc_column_inner][vc_column_inner width=&#8221;1\/4&#8243;][\/vc_column_inner][vc_column_inner width=&#8221;1\/4&#8243;][\/vc_column_inner][\/vc_row_inner][vc_column_text]<\/p>\n<p style=\"text-align: left; font-family: Montserrat;\">\u0130ri Dalga (C) mukavva 2 adet d\u00fcz ka\u011f\u0131d\u0131n aras\u0131na 1 adet iri dalga oluk tabakas\u0131n\u0131n yap\u0131\u015ft\u0131r\u0131lmas\u0131 ile toplam 3 ka\u011f\u0131d\u0131n birle\u015ftirilmesiyle olu\u015fturulmaktad\u0131r. Yakla\u015f\u0131k et kal\u0131nl\u0131\u011f\u0131 4 mm olup TSS, TST, KSS, KST, KSK, BSS, BST, BSK kalitelerde \u00fcretilmektedir.<\/p>\n<p>[\/vc_column_text][\/vc_column][\/vc_row][vc_row][vc_column][vc_custom_heading text=&#8221;\u0130nce Dalga (B)&#8221; font_container=&#8221;tag:h1|font_size:25px|text_align:left|color:%23000000&#8243; google_fonts=&#8221;font_family:Montserrat%3Aregular%2C700|font_style:400%20regular%3A400%3Anormal&#8221;][vc_separator color=&#8221;orange&#8221; align=&#8221;align_left&#8221; el_width=&#8221;80&#8243;][vc_row_inner][vc_column_inner width=&#8221;1\/4&#8243;]\n\t\t\t<div class=\"promo-banner text-left vertical-alignment-top banner- hover- color-scheme-light \"  >\n\n\t\t\t\t<div class=\"main-wrapp-img\">\n\t\t\t\t\t<div class=\"banner-image\">\n\t\t\t\t\t\t\t\t\t\t\t\t\t\t\t\t\t\t\t\t\t<img loading=\"lazy\" decoding=\"async\" width=\"620\" height=\"500\" src=\"https:\/\/tanerambalaj.com\/wp-content\/uploads\/2021\/04\/incedalga1.jpg\" class=\"promo-banner-image image-1 attachment-full\" alt=\"\" srcset=\"https:\/\/tanerambalaj.com\/wp-content\/uploads\/2021\/04\/incedalga1.jpg 620w, https:\/\/tanerambalaj.com\/wp-content\/uploads\/2021\/04\/incedalga1-300x242.jpg 300w\" sizes=\"auto, (max-width: 620px) 100vw, 620px\" \/>\t\t\t\t\t\t\t\t\t\t\t\t\t\t\t\t\t\t<\/div>\n\t\t\t\t<\/div>\n\n\t\t\t\t<div class=\"wrapper-content-baner\">\n\t\t\t\t\t<div class=\"banner-inner\">\n\t\t\t\t\t\t\t\t\t\t\t<\/div>\n\t\t\t\t<\/div>\n\n\t\t\t<\/div>\n\n\n\t\t[\/vc_column_inner][vc_column_inner width=&#8221;1\/4&#8243;][\/vc_column_inner][vc_column_inner width=&#8221;1\/4&#8243;][\/vc_column_inner][vc_column_inner width=&#8221;1\/4&#8243;][\/vc_column_inner][\/vc_row_inner][vc_column_text]<\/p>\n<p style=\"text-align: left; font-family: Montserrat;\">\u0130nce Dalga (B) mukavva 2 adet d\u00fcz ka\u011f\u0131d\u0131n aras\u0131na 1 adet ince dalga oluk tabakas\u0131n\u0131n yap\u0131\u015ft\u0131r\u0131lmas\u0131 ile toplam 3 ka\u011f\u0131d\u0131n birle\u015ftirilmesiyle olu\u015fturulmaktad\u0131r. Yakla\u015f\u0131k et kal\u0131nl\u0131\u011f\u0131 3 mm olup TSS, TST, KSS, KST, KSK, BSS, BST, BSK kalitelerde \u00fcretilmektedir.<\/p>\n<p>[\/vc_column_text][\/vc_column][\/vc_row][vc_row][vc_column][vc_custom_heading text=&#8221;Mikro Dalga (E)&#8221; font_container=&#8221;tag:h1|font_size:25px|text_align:left|color:%23000000&#8243; google_fonts=&#8221;font_family:Montserrat%3Aregular%2C700|font_style:400%20regular%3A400%3Anormal&#8221;][vc_separator color=&#8221;orange&#8221; align=&#8221;align_left&#8221; el_width=&#8221;80&#8243;][vc_row_inner][vc_column_inner width=&#8221;1\/4&#8243;]\n\t\t\t<div class=\"promo-banner text-left vertical-alignment-top banner- hover- color-scheme-light \"  >\n\n\t\t\t\t<div class=\"main-wrapp-img\">\n\t\t\t\t\t<div class=\"banner-image\">\n\t\t\t\t\t\t\t\t\t\t\t\t\t\t\t\t\t\t\t\t\t<img loading=\"lazy\" decoding=\"async\" width=\"620\" height=\"500\" src=\"https:\/\/tanerambalaj.com\/wp-content\/uploads\/2021\/04\/mikro-dalga1.jpg\" class=\"promo-banner-image image-1 attachment-full\" alt=\"\" srcset=\"https:\/\/tanerambalaj.com\/wp-content\/uploads\/2021\/04\/mikro-dalga1.jpg 620w, https:\/\/tanerambalaj.com\/wp-content\/uploads\/2021\/04\/mikro-dalga1-300x242.jpg 300w\" sizes=\"auto, (max-width: 620px) 100vw, 620px\" \/>\t\t\t\t\t\t\t\t\t\t\t\t\t\t\t\t\t\t<\/div>\n\t\t\t\t<\/div>\n\n\t\t\t\t<div class=\"wrapper-content-baner\">\n\t\t\t\t\t<div class=\"banner-inner\">\n\t\t\t\t\t\t\t\t\t\t\t<\/div>\n\t\t\t\t<\/div>\n\n\t\t\t<\/div>\n\n\n\t\t[\/vc_column_inner][vc_column_inner width=&#8221;1\/4&#8243;][\/vc_column_inner][vc_column_inner width=&#8221;1\/4&#8243;][\/vc_column_inner][vc_column_inner width=&#8221;1\/4&#8243;][\/vc_column_inner][\/vc_row_inner][vc_column_text]<\/p>\n<p style=\"text-align: left; font-family: Montserrat;\">Mikro Dalga (E) mukavva 2 adet d\u00fcz ka\u011f\u0131d\u0131n aras\u0131na 1 adet mikro dalga oluk tabakas\u0131n\u0131n yap\u0131\u015ft\u0131r\u0131lmas\u0131 ile toplam 3 ka\u011f\u0131d\u0131n birle\u015ftirilmesiyle olu\u015fturulmaktad\u0131r. Yakla\u015f\u0131k et kal\u0131nl\u0131\u011f\u0131 2 mm olup TSS, TST, KSS, KST, KSK, BSS, BST, BSK kalitelerde \u00fcretilmektedir.<\/p>\n<p>[\/vc_column_text][\/vc_column][\/vc_row][vc_row][vc_column][vc_custom_heading text=&#8221;Dopel (B+C)&#8221; font_container=&#8221;tag:h1|font_size:25px|text_align:left|color:%23000000&#8243; google_fonts=&#8221;font_family:Montserrat%3Aregular%2C700|font_style:400%20regular%3A400%3Anormal&#8221;][vc_separator color=&#8221;orange&#8221; align=&#8221;align_left&#8221; el_width=&#8221;80&#8243;][vc_row_inner][vc_column_inner width=&#8221;1\/4&#8243;]\n\t\t\t<div class=\"promo-banner text-left vertical-alignment-top banner- hover- color-scheme-light \"  >\n\n\t\t\t\t<div class=\"main-wrapp-img\">\n\t\t\t\t\t<div class=\"banner-image\">\n\t\t\t\t\t\t\t\t\t\t\t\t\t\t\t\t\t\t\t\t\t<img loading=\"lazy\" decoding=\"async\" width=\"620\" height=\"500\" src=\"https:\/\/tanerambalaj.com\/wp-content\/uploads\/2021\/04\/dopel1.jpg\" class=\"promo-banner-image image-1 attachment-full\" alt=\"\" srcset=\"https:\/\/tanerambalaj.com\/wp-content\/uploads\/2021\/04\/dopel1.jpg 620w, https:\/\/tanerambalaj.com\/wp-content\/uploads\/2021\/04\/dopel1-300x242.jpg 300w\" sizes=\"auto, (max-width: 620px) 100vw, 620px\" \/>\t\t\t\t\t\t\t\t\t\t\t\t\t\t\t\t\t\t<\/div>\n\t\t\t\t<\/div>\n\n\t\t\t\t<div class=\"wrapper-content-baner\">\n\t\t\t\t\t<div class=\"banner-inner\">\n\t\t\t\t\t\t\t\t\t\t\t<\/div>\n\t\t\t\t<\/div>\n\n\t\t\t<\/div>\n\n\n\t\t[\/vc_column_inner][vc_column_inner width=&#8221;1\/4&#8243;][\/vc_column_inner][vc_column_inner width=&#8221;1\/4&#8243;][\/vc_column_inner][vc_column_inner width=&#8221;1\/4&#8243;][\/vc_column_inner][\/vc_row_inner][vc_column_text]<\/p>\n<p style=\"text-align: left; font-family: Montserrat;\">Dopel (B+C) mukavva 3 adet d\u00fcz ka\u011f\u0131d\u0131n aras\u0131na 1 adet ince dalga ve 1 adet iri dalga oluk tabakas\u0131n\u0131n yap\u0131\u015ft\u0131r\u0131lmas\u0131 ile toplam 5 ka\u011f\u0131d\u0131n birle\u015ftirilmesiyle olu\u015fturulmaktad\u0131r. Yakla\u015f\u0131k et kal\u0131nl\u0131\u011f\u0131 7 mm olup TSSSS, TSSST, KSSSS, KSSST, KSSSK, BSSSS, BSSST, BSSSK kalitelerde \u00fcretilmektedir.<\/p>\n<p>[\/vc_column_text][\/vc_column][\/vc_row][vc_row][vc_column][vc_custom_heading text=&#8221;Mikro Dopel (B+E)&#8221; font_container=&#8221;tag:h1|font_size:25px|text_align:left|color:%23000000&#8243; google_fonts=&#8221;font_family:Montserrat%3Aregular%2C700|font_style:400%20regular%3A400%3Anormal&#8221;][vc_separator color=&#8221;orange&#8221; align=&#8221;align_left&#8221; el_width=&#8221;80&#8243;][vc_row_inner][vc_column_inner width=&#8221;1\/4&#8243;]\n\t\t\t<div class=\"promo-banner text-left vertical-alignment-top banner- hover- color-scheme-light \"  >\n\n\t\t\t\t<div class=\"main-wrapp-img\">\n\t\t\t\t\t<div class=\"banner-image\">\n\t\t\t\t\t\t\t\t\t\t\t\t\t\t\t\t\t\t\t\t\t<img loading=\"lazy\" decoding=\"async\" width=\"620\" height=\"500\" src=\"https:\/\/tanerambalaj.com\/wp-content\/uploads\/2021\/04\/mikro-dopel.jpg\" class=\"promo-banner-image image-1 attachment-full\" alt=\"\" srcset=\"https:\/\/tanerambalaj.com\/wp-content\/uploads\/2021\/04\/mikro-dopel.jpg 620w, https:\/\/tanerambalaj.com\/wp-content\/uploads\/2021\/04\/mikro-dopel-300x242.jpg 300w\" sizes=\"auto, (max-width: 620px) 100vw, 620px\" \/>\t\t\t\t\t\t\t\t\t\t\t\t\t\t\t\t\t\t<\/div>\n\t\t\t\t<\/div>\n\n\t\t\t\t<div class=\"wrapper-content-baner\">\n\t\t\t\t\t<div class=\"banner-inner\">\n\t\t\t\t\t\t\t\t\t\t\t<\/div>\n\t\t\t\t<\/div>\n\n\t\t\t<\/div>\n\n\n\t\t[\/vc_column_inner][vc_column_inner width=&#8221;1\/4&#8243;][\/vc_column_inner][vc_column_inner width=&#8221;1\/4&#8243;][\/vc_column_inner][vc_column_inner width=&#8221;1\/4&#8243;][\/vc_column_inner][\/vc_row_inner][vc_column_text]<\/p>\n<p style=\"text-align: left; font-family: Montserrat;\">Mikro Dopel (B+E) mukavva 3 adet d\u00fcz ka\u011f\u0131d\u0131n aras\u0131na 1 adet mikro dalga ve 1 adet iri dalga oluk tabakas\u0131n\u0131n yap\u0131\u015ft\u0131r\u0131lmas\u0131 ile toplam 5 ka\u011f\u0131d\u0131n birle\u015ftirilmesiyle olu\u015fturulmaktad\u0131r. Yakla\u015f\u0131k et kal\u0131nl\u0131\u011f\u0131 6 mm olup TSSSS, TSSST, KSSSS, KSSST, KSSSK, BSSSS, BSSST, BSSSK kalitelerde \u00fcretilmektedir.<\/p>\n<p>[\/vc_column_text][\/vc_column][\/vc_row][vc_row][vc_column][vc_custom_heading text=&#8221;Saman fluting (S)&#8221; font_container=&#8221;tag:h1|font_size:25px|text_align:left|color:%23000000&#8243; google_fonts=&#8221;font_family:Montserrat%3Aregular%2C700|font_style:400%20regular%3A400%3Anormal&#8221;][vc_separator color=&#8221;orange&#8221; align=&#8221;align_left&#8221; el_width=&#8221;80&#8243;][vc_row_inner][vc_column_inner width=&#8221;1\/4&#8243;][\/vc_column_inner][vc_column_inner width=&#8221;1\/4&#8243;][\/vc_column_inner][vc_column_inner width=&#8221;1\/4&#8243;][\/vc_column_inner][vc_column_inner width=&#8221;1\/4&#8243;][\/vc_column_inner][\/vc_row_inner][vc_column_text]<\/p>\n<p style=\"text-align: left; font-family: Montserrat;\">Saman fluting (S) at\u0131k ka\u011f\u0131tlar ve saman\u0131n pi\u015firilmesi ile elde edilen hamurdan yap\u0131lan bir ka\u011f\u0131t t\u00fcr\u00fcd\u00fcr. Oluklu mukavvada ond\u00fcle, orta ve i\u00e7 y\u00fczey ka\u011f\u0131d\u0131 olarak kullan\u0131lmaktad\u0131r.<\/p>\n<p>[\/vc_column_text][\/vc_column][\/vc_row][vc_row][vc_column][vc_custom_heading text=&#8221;Test lineer (T)&#8221; font_container=&#8221;tag:h1|font_size:25px|text_align:left|color:%23000000&#8243; google_fonts=&#8221;font_family:Montserrat%3Aregular%2C700|font_style:400%20regular%3A400%3Anormal&#8221;][vc_separator color=&#8221;orange&#8221; align=&#8221;align_left&#8221; el_width=&#8221;80&#8243;][vc_row_inner][vc_column_inner width=&#8221;1\/4&#8243;][\/vc_column_inner][vc_column_inner width=&#8221;1\/4&#8243;][\/vc_column_inner][vc_column_inner width=&#8221;1\/4&#8243;][\/vc_column_inner][vc_column_inner width=&#8221;1\/4&#8243;][\/vc_column_inner][\/vc_row_inner][vc_column_text]<\/p>\n<p style=\"text-align: left; font-family: Montserrat;\">Test lineer (T) tamamen at\u0131k ka\u011f\u0131ttan \u00fcretilen test liner kutu \u00fcretiminde y\u00fcksek diren\u00e7li ve bask\u0131ya dayan\u0131kl\u0131 olmas\u0131 sebebiyle kolay i\u015flenen ve en \u00e7ok tercih edilen bir y\u00fczey ka\u011f\u0131d\u0131d\u0131r. \u00dcretiminde ni\u015fasta ve re\u00e7ine katk\u0131s\u0131 yap\u0131l\u0131r. Zaman zaman ise renk vermek amac\u0131yla boya kat\u0131ld\u0131\u011f\u0131 da olur.<\/p>\n<p>[\/vc_column_text][\/vc_column][\/vc_row][vc_row][vc_column][vc_custom_heading text=&#8221;Beyaz test lineer (B)&#8221; font_container=&#8221;tag:h1|font_size:25px|text_align:left|color:%23000000&#8243; google_fonts=&#8221;font_family:Montserrat%3Aregular%2C700|font_style:400%20regular%3A400%3Anormal&#8221;][vc_separator color=&#8221;orange&#8221; align=&#8221;align_left&#8221; el_width=&#8221;80&#8243;][vc_row_inner][vc_column_inner width=&#8221;1\/4&#8243;][\/vc_column_inner][vc_column_inner width=&#8221;1\/4&#8243;][\/vc_column_inner][vc_column_inner width=&#8221;1\/4&#8243;][\/vc_column_inner][vc_column_inner width=&#8221;1\/4&#8243;][\/vc_column_inner][\/vc_row_inner][vc_column_text]<\/p>\n<p style=\"text-align: left; font-family: Montserrat;\">Beyaz test lineer (B) reklama ve g\u00f6rselli\u011fe \u00f6nem veren \u00fcreticilerin vazge\u00e7ilmez ambalaj hammaddesidir. Bask\u0131ya uygunlu\u011fu g\u00f6rsel ve estetik kalitesi gibi \u00f6zellikleri ile \u00e7ok tercih edilen bir d\u0131\u015f y\u00fczey ka\u011f\u0131d\u0131d\u0131r.<\/p>\n<p>[\/vc_column_text][\/vc_column][\/vc_row][vc_row][vc_column][vc_custom_heading text=&#8221;Kraft lineer (K)&#8221; font_container=&#8221;tag:h1|font_size:25px|text_align:left|color:%23000000&#8243; google_fonts=&#8221;font_family:Montserrat%3Aregular%2C700|font_style:400%20regular%3A400%3Anormal&#8221;][vc_separator color=&#8221;orange&#8221; align=&#8221;align_left&#8221; el_width=&#8221;80&#8243;][vc_row_inner][vc_column_inner width=&#8221;1\/4&#8243;][\/vc_column_inner][vc_column_inner width=&#8221;1\/4&#8243;][\/vc_column_inner][vc_column_inner width=&#8221;1\/4&#8243;][\/vc_column_inner][vc_column_inner width=&#8221;1\/4&#8243;][\/vc_column_inner][\/vc_row_inner][vc_column_text]<\/p>\n<p style=\"text-align: left; font-family: Montserrat;\">Kraft lineer (K) ka\u011f\u0131d\u0131n\u0131n su ge\u00e7irgenli\u011fi yoktur ve \u00fcretiminde sel\u00fcloz kullan\u0131l\u0131r. Parlak olu\u015fu, rengi, mukavemeti ve kolay bask\u0131 uygulanabilir olu\u015fu ile \u00f6zellikle ihracat sekt\u00f6r\u00fcn\u00fcn tercih etti\u011fi bir d\u0131\u015f y\u00fczey ka\u011f\u0131d\u0131d\u0131r.<\/p>\n<p>[\/vc_column_text][\/vc_column][\/vc_row]<\/p>\n","protected":false},"excerpt":{"rendered":"<p>[vc_row][vc_column][vc_custom_heading text=&#8221;Oluklu Mukavva&#8221; font_container=&#8221;tag:h1|font_size:25px|text_align:left|color:%23000000&#8243; google_fonts=&#8221;font_family:Montserrat%3Aregular%2C700|font_style:400%20regular%3A400%3Anormal&#8221;][vc_separator color=&#8221;orange&#8221; align=&#8221;align_left&#8221; el_width=&#8221;80&#8243;][vc_row_inner][vc_column_inner width=&#8221;1\/4&#8243;][\/vc_column_inner][vc_column_inner width=&#8221;1\/4&#8243;][\/vc_column_inner][vc_column_inner width=&#8221;1\/4&#8243;][\/vc_column_inner][vc_column_inner width=&#8221;1\/4&#8243;][\/vc_column_inner][\/vc_row_inner][vc_column_text] Oluklu mukavva kolilerin yar\u0131 mamul \u015fekli olan levha<\/p>\n","protected":false},"author":1,"featured_media":0,"parent":0,"menu_order":0,"comment_status":"closed","ping_status":"closed","template":"","meta":{"footnotes":""},"class_list":["post-1752","page","type-page","status-publish","hentry"],"_links":{"self":[{"href":"https:\/\/tanerambalaj.com\/index.php\/wp-json\/wp\/v2\/pages\/1752","targetHints":{"allow":["GET"]}}],"collection":[{"href":"https:\/\/tanerambalaj.com\/index.php\/wp-json\/wp\/v2\/pages"}],"about":[{"href":"https:\/\/tanerambalaj.com\/index.php\/wp-json\/wp\/v2\/types\/page"}],"author":[{"embeddable":true,"href":"https:\/\/tanerambalaj.com\/index.php\/wp-json\/wp\/v2\/users\/1"}],"replies":[{"embeddable":true,"href":"https:\/\/tanerambalaj.com\/index.php\/wp-json\/wp\/v2\/comments?post=1752"}],"version-history":[{"count":4,"href":"https:\/\/tanerambalaj.com\/index.php\/wp-json\/wp\/v2\/pages\/1752\/revisions"}],"predecessor-version":[{"id":1805,"href":"https:\/\/tanerambalaj.com\/index.php\/wp-json\/wp\/v2\/pages\/1752\/revisions\/1805"}],"wp:attachment":[{"href":"https:\/\/tanerambalaj.com\/index.php\/wp-json\/wp\/v2\/media?parent=1752"}],"curies":[{"name":"wp","href":"https:\/\/api.w.org\/{rel}","templated":true}]}}