{"id":1771,"date":"2021-04-24T15:24:19","date_gmt":"2021-04-24T12:24:19","guid":{"rendered":"http:\/\/tanerambalaj.com\/?page_id=1771"},"modified":"2021-04-27T15:42:28","modified_gmt":"2021-04-27T12:42:28","slug":"balonlu-naylon","status":"publish","type":"page","link":"https:\/\/tanerambalaj.com\/index.php\/balonlu-naylon\/","title":{"rendered":"Balonlu Naylon"},"content":{"rendered":"<p>[vc_row][vc_column][vc_custom_heading text=&#8221;Balonlu Naylon&#8221; font_container=&#8221;tag:h1|font_size:25px|text_align:left|color:%23000000&#8243; google_fonts=&#8221;font_family:Montserrat%3Aregular%2C700|font_style:400%20regular%3A400%3Anormal&#8221;][vc_separator color=&#8221;orange&#8221; align=&#8221;align_left&#8221; el_width=&#8221;80&#8243;][vc_row_inner][vc_column_inner width=&#8221;1\/4&#8243;]\n\t\t\t<div class=\"promo-banner text-left vertical-alignment-top banner- hover- color-scheme-light \"  >\n\n\t\t\t\t<div class=\"main-wrapp-img\">\n\t\t\t\t\t<div class=\"banner-image\">\n\t\t\t\t\t\t\t\t\t\t\t\t\t\t\t\t\t\t\t\t\t<img loading=\"lazy\" decoding=\"async\" class=\"promo-banner-image image-1 \" src=\"https:\/\/tanerambalaj.com\/wp-content\/uploads\/2021\/04\/balonlu-1024x1024-1-800x600.png\" width=\"800\" height=\"600\" alt=\"balonlu-1024x1024\" title=\"balonlu-1024x1024\" \/>\t\t\t\t\t\t\t\t\t\t\t\t\t\t\t\t\t\t<\/div>\n\t\t\t\t<\/div>\n\n\t\t\t\t<div class=\"wrapper-content-baner\">\n\t\t\t\t\t<div class=\"banner-inner\">\n\t\t\t\t\t\t\t\t\t\t\t<\/div>\n\t\t\t\t<\/div>\n\n\t\t\t<\/div>\n\n\n\t\t[\/vc_column_inner][vc_column_inner width=&#8221;1\/4&#8243;]\n\t\t\t<div class=\"promo-banner text-left vertical-alignment-top banner- hover- color-scheme-light \"  >\n\n\t\t\t\t<div class=\"main-wrapp-img\">\n\t\t\t\t\t<div class=\"banner-image\">\n\t\t\t\t\t\t\t\t\t\t\t\t\t\t\t\t\t\t\t\t\t<img loading=\"lazy\" decoding=\"async\" class=\"promo-banner-image image-1 \" src=\"https:\/\/tanerambalaj.com\/wp-content\/uploads\/2021\/04\/balonlu1.jpg\" width=\"620\" height=\"500\" alt=\"balonlu1\" title=\"balonlu1\" \/>\t\t\t\t\t\t\t\t\t\t\t\t\t\t\t\t\t\t<\/div>\n\t\t\t\t<\/div>\n\n\t\t\t\t<div class=\"wrapper-content-baner\">\n\t\t\t\t\t<div class=\"banner-inner\">\n\t\t\t\t\t\t\t\t\t\t\t<\/div>\n\t\t\t\t<\/div>\n\n\t\t\t<\/div>\n\n\n\t\t[\/vc_column_inner][vc_column_inner width=&#8221;1\/4&#8243;][\/vc_column_inner][vc_column_inner width=&#8221;1\/4&#8243;][\/vc_column_inner][\/vc_row_inner][vc_column_text]\u00dczerinde k\u00fc\u00e7\u00fck ve b\u00fcy\u00fck \u00e7apta balonlardan olu\u015fan genellikle iki veya \u00fc\u00e7 katmanl\u0131 yap\u0131da \u00fcretilen balonlu naylon g\u00fcn\u00fcm\u00fcz\u00fcn en ideal ve ekonomik ambalaj malzemesidir. Balonlu naylon, etraf\u0131na sar\u0131ld\u0131\u011f\u0131 \u00fcr\u00fcnler i\u00e7in hava yast\u0131\u011f\u0131 g\u00f6revi g\u00f6rerek \u00fcr\u00fcnlerin ve e\u015fyalar\u0131n her t\u00fcrl\u00fc hava ko\u015fullar\u0131ndan, titre\u015fimden, s\u00fcrt\u00fcnmeden ve hasardan korunmas\u0131n\u0131 sa\u011flar. Balonlu Naylonun Kullan\u0131ld\u0131\u011f\u0131 End\u00fcstriler ve Alanlar -Mobilya ve Mobilya Malzemeleri -Cam ve Seramikten Yap\u0131lm\u0131\u015f Ev Gere\u00e7leri -Otomotiv Sekt\u00f6r\u00fc -Elektronik Ev Aletleri -Metal Sanayi (Radyat\u00f6r-Jant-Aluminyum Profil) -Yap\u0131 ve \u0130n\u015faat \u0130\u015fleri -Seramik \u00dcr\u00fcnleri -Makine ve Makine Par\u00e7alar\u0131 -G\u0131da, \u0130la\u00e7 ve Laboratuvar \u00dcr\u00fcnleri Balonlu naylon kullan\u0131m alanlar\u0131na g\u00f6re baloncuk \u00e7ap\u0131 olarak de\u011fi\u015fiklik g\u00f6stermesinin yan\u0131nda ambalajlanacak \u00fcr\u00fcn\u00fcn niteli\u011fine g\u00f6re de de\u011fi\u015fiklik g\u00f6sterir. Ambalaj\u0131 yap\u0131lacak \u00fcr\u00fcn\u00fcn hassasiyetine ve yap\u0131s\u0131na g\u00f6re (laminasyonlu) olarak \u00fcretilen balonlu naylon \u00e7e\u015fitleri \u015f\u00f6yledir. 1-Kraft ka\u011f\u0131t lamineli balonlu naylon l 2-S\u00fclfit ka\u011f\u0131t lamineli balonlu naylon l 3-Metalize film lamineli balonlu naylon l 4-Polietilen Levha (\u015filte) lamineli balonlu naylon l 5-Bask\u0131l\u0131 ya da renkli balonlu naylon l 6-\u015eilteli ve s\u00fclfit ka\u011f\u0131tl\u0131 lamineli balonlu naylon l 7-Tela ile lamine edilmi\u015f balonlu naylon olmak \u00fczere 7 \u00e7e\u015fit lamineli balonlu naylon vard\u0131r.[\/vc_column_text][\/vc_column][\/vc_row][vc_row][vc_column][vc_custom_heading text=&#8221;K\u00fc\u00e7\u00fck Balonlu Naylon&#8221; font_container=&#8221;tag:h1|font_size:25px|text_align:left|color:%23000000&#8243; google_fonts=&#8221;font_family:Montserrat%3Aregular%2C700|font_style:400%20regular%3A400%3Anormal&#8221;][vc_separator color=&#8221;orange&#8221; align=&#8221;align_left&#8221; el_width=&#8221;80&#8243;][vc_row_inner][vc_column_inner width=&#8221;1\/4&#8243;]\n\t\t\t<div class=\"promo-banner text-left vertical-alignment-top banner- hover- color-scheme-light \"  >\n\n\t\t\t\t<div class=\"main-wrapp-img\">\n\t\t\t\t\t<div class=\"banner-image\">\n\t\t\t\t\t\t\t\t\t\t\t\t\t\t\t\t\t\t\t\t\t<img loading=\"lazy\" decoding=\"async\" class=\"promo-banner-image image-1 \" src=\"https:\/\/tanerambalaj.com\/wp-content\/uploads\/2021\/04\/kucukbalonlu.jpg\" width=\"620\" height=\"500\" alt=\"kucukbalonlu\" title=\"kucukbalonlu\" \/>\t\t\t\t\t\t\t\t\t\t\t\t\t\t\t\t\t\t<\/div>\n\t\t\t\t<\/div>\n\n\t\t\t\t<div class=\"wrapper-content-baner\">\n\t\t\t\t\t<div class=\"banner-inner\">\n\t\t\t\t\t\t\t\t\t\t\t<\/div>\n\t\t\t\t<\/div>\n\n\t\t\t<\/div>\n\n\n\t\t[\/vc_column_inner][vc_column_inner width=&#8221;1\/4&#8243;][\/vc_column_inner][vc_column_inner width=&#8221;1\/4&#8243;][\/vc_column_inner][vc_column_inner width=&#8221;1\/4&#8243;][\/vc_column_inner][\/vc_row_inner][vc_column_text]\u00dcr\u00fcnlerimiz \u0130ki adet film tabakas\u0131n\u0131n aras\u0131na k\u00fc\u00e7\u00fck \u00e7apta balonlu bir ara kat olu\u015fturarak toplamda \u00fc\u00e7 adet tabakadan olu\u015fan bir ambalaj malzemesidir. Mukavemeti ve dayan\u0131kl\u0131l\u0131\u011f\u0131 y\u00fcksek bir \u00fcr\u00fcnd\u00fcr.[\/vc_column_text][\/vc_column][\/vc_row][vc_row][vc_column][vc_custom_heading text=&#8221;B\u00fcy\u00fck Balonlu Naylon&#8221; font_container=&#8221;tag:h1|font_size:25px|text_align:left|color:%23000000&#8243; google_fonts=&#8221;font_family:Montserrat%3Aregular%2C700|font_style:400%20regular%3A400%3Anormal&#8221;][vc_separator color=&#8221;orange&#8221; align=&#8221;align_left&#8221; el_width=&#8221;80&#8243;][vc_row_inner][vc_column_inner width=&#8221;1\/4&#8243;]\n\t\t\t<div class=\"promo-banner text-left vertical-alignment-top banner- hover- color-scheme-light \"  >\n\n\t\t\t\t<div class=\"main-wrapp-img\">\n\t\t\t\t\t<div class=\"banner-image\">\n\t\t\t\t\t\t\t\t\t\t\t\t\t\t\t\t\t\t\t\t\t<img loading=\"lazy\" decoding=\"async\" class=\"promo-banner-image image-1 \" src=\"https:\/\/tanerambalaj.com\/wp-content\/uploads\/2021\/04\/buyukbalonlu.jpg\" width=\"620\" height=\"500\" alt=\"buyukbalonlu\" title=\"buyukbalonlu\" \/>\t\t\t\t\t\t\t\t\t\t\t\t\t\t\t\t\t\t<\/div>\n\t\t\t\t<\/div>\n\n\t\t\t\t<div class=\"wrapper-content-baner\">\n\t\t\t\t\t<div class=\"banner-inner\">\n\t\t\t\t\t\t\t\t\t\t\t<\/div>\n\t\t\t\t<\/div>\n\n\t\t\t<\/div>\n\n\n\t\t[\/vc_column_inner][vc_column_inner width=&#8221;1\/4&#8243;][\/vc_column_inner][vc_column_inner width=&#8221;1\/4&#8243;][\/vc_column_inner][vc_column_inner width=&#8221;1\/4&#8243;][\/vc_column_inner][\/vc_row_inner][vc_column_text]\u00dcr\u00fcnlerimiz \u0130ki adet film tabakas\u0131n\u0131n aras\u0131na b\u00fcy\u00fck \u00e7apta balonlu bir ara kat olu\u015fturarak toplamda \u00fc\u00e7 adet tabakadan olu\u015fan bir ambalaj malzemesidir. Hava yast\u0131\u011f\u0131 ve tamponlama \u00f6zelli\u011fi sayesinde y\u00fczeyi hassas ve k\u0131r\u0131lgan \u00fcr\u00fcnlerinizi g\u00fcvenli bir \u015fekilde korur.[\/vc_column_text][\/vc_column][\/vc_row][vc_row][vc_column][vc_custom_heading text=&#8221;S\u00fclfit ve Kraft Ka\u011f\u0131tl\u0131 (Lamineli) Balonlu Naylon&#8221; font_container=&#8221;tag:h1|font_size:25px|text_align:left|color:%23000000&#8243; google_fonts=&#8221;font_family:Montserrat%3Aregular%2C700|font_style:400%20regular%3A400%3Anormal&#8221;][vc_separator color=&#8221;orange&#8221; align=&#8221;align_left&#8221; el_width=&#8221;80&#8243;][vc_row_inner][vc_column_inner width=&#8221;1\/4&#8243;]\n\t\t\t<div class=\"promo-banner text-left vertical-alignment-top banner- hover- color-scheme-light \"  >\n\n\t\t\t\t<div class=\"main-wrapp-img\">\n\t\t\t\t\t<div class=\"banner-image\">\n\t\t\t\t\t\t\t\t\t\t\t\t\t\t\t\t\t\t\t\t\t<img loading=\"lazy\" decoding=\"async\" class=\"promo-banner-image image-1 \" src=\"https:\/\/tanerambalaj.com\/wp-content\/uploads\/2021\/04\/sulfitbalonlu.jpg\" width=\"620\" height=\"500\" alt=\"sulfitbalonlu\" title=\"sulfitbalonlu\" \/>\t\t\t\t\t\t\t\t\t\t\t\t\t\t\t\t\t\t<\/div>\n\t\t\t\t<\/div>\n\n\t\t\t\t<div class=\"wrapper-content-baner\">\n\t\t\t\t\t<div class=\"banner-inner\">\n\t\t\t\t\t\t\t\t\t\t\t<\/div>\n\t\t\t\t<\/div>\n\n\t\t\t<\/div>\n\n\n\t\t[\/vc_column_inner][vc_column_inner width=&#8221;1\/4&#8243;]\n\t\t\t<div class=\"promo-banner text-left vertical-alignment-top banner- hover- color-scheme-light \"  >\n\n\t\t\t\t<div class=\"main-wrapp-img\">\n\t\t\t\t\t<div class=\"banner-image\">\n\t\t\t\t\t\t\t\t\t\t\t\t\t\t\t\t\t\t\t\t\t<img loading=\"lazy\" decoding=\"async\" class=\"promo-banner-image image-1 \" src=\"https:\/\/tanerambalaj.com\/wp-content\/uploads\/2021\/04\/sulfit2.jpg\" width=\"620\" height=\"500\" alt=\"sulfit2\" title=\"sulfit2\" \/>\t\t\t\t\t\t\t\t\t\t\t\t\t\t\t\t\t\t<\/div>\n\t\t\t\t<\/div>\n\n\t\t\t\t<div class=\"wrapper-content-baner\">\n\t\t\t\t\t<div class=\"banner-inner\">\n\t\t\t\t\t\t\t\t\t\t\t<\/div>\n\t\t\t\t<\/div>\n\n\t\t\t<\/div>\n\n\n\t\t[\/vc_column_inner][vc_column_inner width=&#8221;1\/4&#8243;][\/vc_column_inner][vc_column_inner width=&#8221;1\/4&#8243;][\/vc_column_inner][\/vc_row_inner][vc_column_text]Baz\u0131 \u00fcr\u00fcnlerin korunmas\u0131 daha fazla hassasiyet gerektirir. Bu y\u00fczden sadece hava tamponlu y\u00fczeyler yetmez ve daha farkl\u0131 y\u00fczeye sahip fakat ayn\u0131 i\u015flevi g\u00f6rmesini istedi\u011finiz \u00fcr\u00fcnlere ihtiyac\u0131n\u0131z olabilir. Bunun i\u00e7in balonlu naylonu istedi\u011finiz laminasyon \u015fekliyle kullan\u0131m i\u00e7in tedarik etmeniz m\u00fcmk\u00fcn, \u00fcr\u00fcnlerinizin ambalaj\u0131n\u0131n daha etkin koruma sa\u011flamas\u0131 i\u00e7in hassas \u00fcr\u00fcnler ile \u00fcr\u00fcnlerinize \u00f6zel \u00e7\u00f6z\u00fcmlerimiz mevcuttur. Balonlu naylon ambalaja mukavemet kazand\u0131rmak, ambalajda yumu\u015fak ve hassas y\u00fczeyler elde etmek ve ambalaj\u0131n koruyuculu\u011funu art\u0131rmak i\u00e7in s\u00fclfit ka\u011f\u0131tl\u0131 (lamineli) balonlu naylon ihtiya\u00e7lar\u0131n\u0131z i\u00e7in geli\u015ftirilmi\u015ftir.[\/vc_column_text][\/vc_column][\/vc_row][vc_row][vc_column][vc_custom_heading text=&#8221;Metalize Lamineli (Al\u00fcminyum Folyolu) Balonlu Naylon&#8221; font_container=&#8221;tag:h1|font_size:25px|text_align:left|color:%23000000&#8243; google_fonts=&#8221;font_family:Montserrat%3Aregular%2C700|font_style:400%20regular%3A400%3Anormal&#8221;][vc_separator color=&#8221;orange&#8221; align=&#8221;align_left&#8221; el_width=&#8221;80&#8243;][vc_row_inner][vc_column_inner width=&#8221;1\/4&#8243;]\n\t\t\t<div class=\"promo-banner text-left vertical-alignment-top banner- hover- color-scheme-light \"  >\n\n\t\t\t\t<div class=\"main-wrapp-img\">\n\t\t\t\t\t<div class=\"banner-image\">\n\t\t\t\t\t\t\t\t\t\t\t\t\t\t\t\t\t\t\t\t\t<img loading=\"lazy\" decoding=\"async\" class=\"promo-banner-image image-1 \" src=\"https:\/\/tanerambalaj.com\/wp-content\/uploads\/2021\/04\/metalize2.jpg\" width=\"620\" height=\"500\" alt=\"metalize2\" title=\"metalize2\" \/>\t\t\t\t\t\t\t\t\t\t\t\t\t\t\t\t\t\t<\/div>\n\t\t\t\t<\/div>\n\n\t\t\t\t<div class=\"wrapper-content-baner\">\n\t\t\t\t\t<div class=\"banner-inner\">\n\t\t\t\t\t\t\t\t\t\t\t<\/div>\n\t\t\t\t<\/div>\n\n\t\t\t<\/div>\n\n\n\t\t[\/vc_column_inner][vc_column_inner width=&#8221;1\/4&#8243;]\n\t\t\t<div class=\"promo-banner text-left vertical-alignment-top banner- hover- color-scheme-light \"  >\n\n\t\t\t\t<div class=\"main-wrapp-img\">\n\t\t\t\t\t<div class=\"banner-image\">\n\t\t\t\t\t\t\t\t\t\t\t\t\t\t\t\t\t\t\t\t\t<img loading=\"lazy\" decoding=\"async\" class=\"promo-banner-image image-1 \" src=\"https:\/\/tanerambalaj.com\/wp-content\/uploads\/2021\/04\/metalize3.jpg\" width=\"620\" height=\"500\" alt=\"metalize3\" title=\"metalize3\" \/>\t\t\t\t\t\t\t\t\t\t\t\t\t\t\t\t\t\t<\/div>\n\t\t\t\t<\/div>\n\n\t\t\t\t<div class=\"wrapper-content-baner\">\n\t\t\t\t\t<div class=\"banner-inner\">\n\t\t\t\t\t\t\t\t\t\t\t<\/div>\n\t\t\t\t<\/div>\n\n\t\t\t<\/div>\n\n\n\t\t[\/vc_column_inner][vc_column_inner width=&#8221;1\/4&#8243;][\/vc_column_inner][vc_column_inner width=&#8221;1\/4&#8243;][\/vc_column_inner][\/vc_row_inner][vc_column_text]Baz\u0131 \u00fcr\u00fcnlerin korunmas\u0131 daha fazla hassasiyet gerektirir. Bu y\u00fczden sadece hava tamponlu y\u00fczeyler yetmez ve daha farkl\u0131 y\u00fczeye sahip fakat ayn\u0131 i\u015flevi g\u00f6rmesini istedi\u011finiz \u00fcr\u00fcnlere ihtiyac\u0131n\u0131z olabilir. Bunun i\u00e7in balonlu naylonu istedi\u011finiz laminasyon \u015fekliyle kullan\u0131m i\u00e7in tedarik etmeniz m\u00fcmk\u00fcn, \u00fcr\u00fcnlerinizin ambalaj\u0131n\u0131n daha etkin koruma sa\u011flamas\u0131 i\u00e7in hassas \u00fcr\u00fcnler ile \u00fcr\u00fcnlerinize \u00f6zel \u00e7\u00f6z\u00fcmlerimiz mevcuttur. Balonlu naylon ambalaja mukavemet kazand\u0131rmak, ambalajda yumu\u015fak ve hassas y\u00fczeyler elde etmek ve \u0131s\u0131 yal\u0131t\u0131m\u0131 sa\u011flamak i\u00e7in metalize lamineli (al\u00fcminyum folyolu) balonlu naylon ihtiya\u00e7lar\u0131n\u0131z i\u00e7in geli\u015ftirilmi\u015ftir.[\/vc_column_text][\/vc_column][\/vc_row][vc_row][vc_column][vc_custom_heading text=&#8221;Polietilen Levhal\u0131 (\u015eilteli) Balonlu Naylon&#8221; font_container=&#8221;tag:h1|font_size:25px|text_align:left|color:%23000000&#8243; google_fonts=&#8221;font_family:Montserrat%3Aregular%2C700|font_style:400%20regular%3A400%3Anormal&#8221;][vc_separator color=&#8221;orange&#8221; align=&#8221;align_left&#8221; el_width=&#8221;80&#8243;][vc_row_inner][vc_column_inner width=&#8221;1\/4&#8243;]\n\t\t\t<div class=\"promo-banner text-left vertical-alignment-top banner- hover- color-scheme-light \"  >\n\n\t\t\t\t<div class=\"main-wrapp-img\">\n\t\t\t\t\t<div class=\"banner-image\">\n\t\t\t\t\t\t\t\t\t\t\t\t\t\t\t\t\t\t\t\t\t<img loading=\"lazy\" decoding=\"async\" class=\"promo-banner-image image-1 \" src=\"https:\/\/tanerambalaj.com\/wp-content\/uploads\/2021\/04\/poli2.jpg\" width=\"620\" height=\"500\" alt=\"poli2\" title=\"poli2\" \/>\t\t\t\t\t\t\t\t\t\t\t\t\t\t\t\t\t\t<\/div>\n\t\t\t\t<\/div>\n\n\t\t\t\t<div class=\"wrapper-content-baner\">\n\t\t\t\t\t<div class=\"banner-inner\">\n\t\t\t\t\t\t\t\t\t\t\t<\/div>\n\t\t\t\t<\/div>\n\n\t\t\t<\/div>\n\n\n\t\t[\/vc_column_inner][vc_column_inner width=&#8221;1\/4&#8243;][\/vc_column_inner][vc_column_inner width=&#8221;1\/4&#8243;][\/vc_column_inner][vc_column_inner width=&#8221;1\/4&#8243;][\/vc_column_inner][\/vc_row_inner][vc_column_text]Baz\u0131 \u00fcr\u00fcnlerin korunmas\u0131 daha fazla hassasiyet gerektirir. Bu y\u00fczden sadece hava tamponlu y\u00fczeyler yetmez ve daha farkl\u0131 y\u00fczeye sahip fakat ayn\u0131 i\u015flevi g\u00f6rmesini istedi\u011finiz \u00fcr\u00fcnlere ihtiyac\u0131n\u0131z olabilir. Bunun i\u00e7in balonlu naylonu istedi\u011finiz laminasyon \u015fekliyle kullan\u0131m i\u00e7in tedarik etmeniz m\u00fcmk\u00fcn, \u00fcr\u00fcnlerinizin ambalaj\u0131n\u0131n daha etkin koruma sa\u011flamas\u0131 i\u00e7in hassas \u00fcr\u00fcnler ile \u00fcr\u00fcnlerinize \u00f6zel \u00e7\u00f6z\u00fcmlerimiz mevcuttur. Balonlu naylon ambalaja mukavemet kazand\u0131rmak, ambalajda yumu\u015fak ve hassas y\u00fczeyler elde etmek boyal\u0131 zeminlere zarar vermemek ve ambalaj\u0131n koruyuculu\u011funu art\u0131rmak i\u00e7in Polietilen levhal\u0131 (\u015eilteli) balonlu naylon ihtiya\u00e7lar\u0131n\u0131z i\u00e7in geli\u015ftirilmi\u015ftir.[\/vc_column_text][\/vc_column][\/vc_row][vc_row][vc_column][vc_custom_heading text=&#8221;Tela \u0130le Lamine Edilmi\u015f Balonlu Naylon&#8221; font_container=&#8221;tag:h1|font_size:25px|text_align:left|color:%23000000&#8243; google_fonts=&#8221;font_family:Montserrat%3Aregular%2C700|font_style:400%20regular%3A400%3Anormal&#8221;][vc_separator color=&#8221;orange&#8221; align=&#8221;align_left&#8221; el_width=&#8221;80&#8243;][vc_row_inner][vc_column_inner width=&#8221;1\/4&#8243;]\n\t\t\t<div class=\"promo-banner text-left vertical-alignment-top banner- hover- color-scheme-light \"  >\n\n\t\t\t\t<div class=\"main-wrapp-img\">\n\t\t\t\t\t<div class=\"banner-image\">\n\t\t\t\t\t\t\t\t\t\t\t\t\t\t\t\t\t\t\t\t\t<img loading=\"lazy\" decoding=\"async\" class=\"promo-banner-image image-1 \" src=\"https:\/\/tanerambalaj.com\/wp-content\/uploads\/2021\/04\/telabalonlu.jpg\" width=\"620\" height=\"500\" alt=\"telabalonlu\" title=\"telabalonlu\" \/>\t\t\t\t\t\t\t\t\t\t\t\t\t\t\t\t\t\t<\/div>\n\t\t\t\t<\/div>\n\n\t\t\t\t<div class=\"wrapper-content-baner\">\n\t\t\t\t\t<div class=\"banner-inner\">\n\t\t\t\t\t\t\t\t\t\t\t<\/div>\n\t\t\t\t<\/div>\n\n\t\t\t<\/div>\n\n\n\t\t[\/vc_column_inner][vc_column_inner width=&#8221;1\/4&#8243;][\/vc_column_inner][vc_column_inner width=&#8221;1\/4&#8243;][\/vc_column_inner][vc_column_inner width=&#8221;1\/4&#8243;][\/vc_column_inner][\/vc_row_inner][vc_column_text]Ambalaj malzemesi olarak y\u00fczeyi hassas olan ve boyand\u0131ktan sonra hemen sevk olacak olan \u00fcr\u00fcnlerin ambalaj\u0131nda, bilhassa boya ve kaplama y\u00fczeylerden olu\u015fan \u00fcr\u00fcnlerin ilk sar\u0131m\u0131nda kullan\u0131l\u0131r. Balonlu naylon ile lamine edilmi\u015f tela ihtiya\u00e7 duydu\u011funuz en ideal ambalaj malzemeleri aras\u0131nda yer almaktad\u0131r.[\/vc_column_text][\/vc_column][\/vc_row][vc_row][vc_column][vc_custom_heading text=&#8221;Bask\u0131l\u0131 ve Renkli Balonlu Naylon&#8221; font_container=&#8221;tag:h1|font_size:25px|text_align:left|color:%23000000&#8243; google_fonts=&#8221;font_family:Montserrat%3Aregular%2C700|font_style:400%20regular%3A400%3Anormal&#8221;][vc_separator color=&#8221;orange&#8221; align=&#8221;align_left&#8221; el_width=&#8221;80&#8243;][vc_row_inner][vc_column_inner width=&#8221;1\/4&#8243;]\n\t\t\t<div class=\"promo-banner text-left vertical-alignment-top banner- hover- color-scheme-light \"  >\n\n\t\t\t\t<div class=\"main-wrapp-img\">\n\t\t\t\t\t<div class=\"banner-image\">\n\t\t\t\t\t\t\t\t\t\t\t\t\t\t\t\t\t\t\t\t\t<img loading=\"lazy\" decoding=\"async\" class=\"promo-banner-image image-1 \" src=\"https:\/\/tanerambalaj.com\/wp-content\/uploads\/2021\/04\/renkli2.jpg\" width=\"620\" height=\"500\" alt=\"renkli2\" title=\"renkli2\" \/>\t\t\t\t\t\t\t\t\t\t\t\t\t\t\t\t\t\t<\/div>\n\t\t\t\t<\/div>\n\n\t\t\t\t<div class=\"wrapper-content-baner\">\n\t\t\t\t\t<div class=\"banner-inner\">\n\t\t\t\t\t\t\t\t\t\t\t<\/div>\n\t\t\t\t<\/div>\n\n\t\t\t<\/div>\n\n\n\t\t[\/vc_column_inner][vc_column_inner width=&#8221;1\/4&#8243;]\n\t\t\t<div class=\"promo-banner text-left vertical-alignment-top banner- hover- color-scheme-light \"  >\n\n\t\t\t\t<div class=\"main-wrapp-img\">\n\t\t\t\t\t<div class=\"banner-image\">\n\t\t\t\t\t\t\t\t\t\t\t\t\t\t\t\t\t\t\t\t\t<img loading=\"lazy\" decoding=\"async\" class=\"promo-banner-image image-1 \" src=\"https:\/\/tanerambalaj.com\/wp-content\/uploads\/2021\/04\/renkli1.jpg\" width=\"620\" height=\"500\" alt=\"renkli1\" title=\"renkli1\" \/>\t\t\t\t\t\t\t\t\t\t\t\t\t\t\t\t\t\t<\/div>\n\t\t\t\t<\/div>\n\n\t\t\t\t<div class=\"wrapper-content-baner\">\n\t\t\t\t\t<div class=\"banner-inner\">\n\t\t\t\t\t\t\t\t\t\t\t<\/div>\n\t\t\t\t<\/div>\n\n\t\t\t<\/div>\n\n\n\t\t[\/vc_column_inner][vc_column_inner width=&#8221;1\/4&#8243;][\/vc_column_inner][vc_column_inner width=&#8221;1\/4&#8243;][\/vc_column_inner][\/vc_row_inner][vc_column_text]Farkl\u0131 pazarlara \u00fcr\u00fcn sunmak, ambalaj\u0131n\u0131z\u0131n marka de\u011feri olu\u015fturmas\u0131 ve m\u00fc\u015fteride marka alg\u0131s\u0131 olu\u015fturmak gibi stratejilere ba\u011fl\u0131 olarak \u00fcr\u00fcnlerinizin ambalajlar\u0131da renkli yada marka logosu bask\u0131l\u0131 olarak temin edilebilmektedir. Balonlu naylon ambalaja mukavemet kazand\u0131rmak, ambalajda yumu\u015fak ve hassas y\u00fczeyler elde etmek, farkl\u0131 renkteki \u00fcr\u00fcnleri kamufle edebilmek ayr\u0131ca daha albenili \u00fcr\u00fcn paketlemesi i\u00e7in renkli balonlu naylona ihtiya\u00e7 duyulmaktad\u0131r. \u0130maj, fark\u0131ndal\u0131k ve reklam i\u00e7in s\u00fclfit ka\u011f\u0131t \u00fczerine bask\u0131l\u0131 balonlu naylon gibi \u00f6zel ihtiya\u00e7lar\u0131n\u0131z\u0131 istedi\u011finiz \u00f6l\u00e7\u00fcler ve kalitede sizlere sunmaktay\u0131z.[\/vc_column_text][\/vc_column][\/vc_row][vc_row][vc_column][\/vc_column][\/vc_row][vc_row][vc_column][\/vc_column][\/vc_row][vc_row][vc_column][\/vc_column][\/vc_row][vc_row][vc_column][\/vc_column][\/vc_row]<\/p>\n","protected":false},"excerpt":{"rendered":"<p>[vc_row][vc_column][vc_custom_heading text=&#8221;Balonlu Naylon&#8221; font_container=&#8221;tag:h1|font_size:25px|text_align:left|color:%23000000&#8243; google_fonts=&#8221;font_family:Montserrat%3Aregular%2C700|font_style:400%20regular%3A400%3Anormal&#8221;][vc_separator color=&#8221;orange&#8221; align=&#8221;align_left&#8221; el_width=&#8221;80&#8243;][vc_row_inner][vc_column_inner width=&#8221;1\/4&#8243;][\/vc_column_inner][vc_column_inner width=&#8221;1\/4&#8243;][\/vc_column_inner][vc_column_inner width=&#8221;1\/4&#8243;][\/vc_column_inner][vc_column_inner width=&#8221;1\/4&#8243;][\/vc_column_inner][\/vc_row_inner][vc_column_text]\u00dczerinde k\u00fc\u00e7\u00fck ve b\u00fcy\u00fck \u00e7apta balonlardan olu\u015fan genellikle iki<\/p>\n","protected":false},"author":1,"featured_media":0,"parent":0,"menu_order":0,"comment_status":"closed","ping_status":"closed","template":"","meta":{"footnotes":""},"class_list":["post-1771","page","type-page","status-publish","hentry"],"_links":{"self":[{"href":"https:\/\/tanerambalaj.com\/index.php\/wp-json\/wp\/v2\/pages\/1771","targetHints":{"allow":["GET"]}}],"collection":[{"href":"https:\/\/tanerambalaj.com\/index.php\/wp-json\/wp\/v2\/pages"}],"about":[{"href":"https:\/\/tanerambalaj.com\/index.php\/wp-json\/wp\/v2\/types\/page"}],"author":[{"embeddable":true,"href":"https:\/\/tanerambalaj.com\/index.php\/wp-json\/wp\/v2\/users\/1"}],"replies":[{"embeddable":true,"href":"https:\/\/tanerambalaj.com\/index.php\/wp-json\/wp\/v2\/comments?post=1771"}],"version-history":[{"count":5,"href":"https:\/\/tanerambalaj.com\/index.php\/wp-json\/wp\/v2\/pages\/1771\/revisions"}],"predecessor-version":[{"id":1898,"href":"https:\/\/tanerambalaj.com\/index.php\/wp-json\/wp\/v2\/pages\/1771\/revisions\/1898"}],"wp:attachment":[{"href":"https:\/\/tanerambalaj.com\/index.php\/wp-json\/wp\/v2\/media?parent=1771"}],"curies":[{"name":"wp","href":"https:\/\/api.w.org\/{rel}","templated":true}]}}