{"id":1796,"date":"2021-04-24T16:14:23","date_gmt":"2021-04-24T13:14:23","guid":{"rendered":"http:\/\/tanerambalaj.com\/?page_id=1796"},"modified":"2021-04-27T15:39:23","modified_gmt":"2021-04-27T12:39:23","slug":"eps-strafor","status":"publish","type":"page","link":"https:\/\/tanerambalaj.com\/index.php\/eps-strafor\/","title":{"rendered":"EPS Strafor"},"content":{"rendered":"<p>[vc_row][vc_column][vc_custom_heading text=&#8221;EPS Strafor&#8221; font_container=&#8221;tag:h1|font_size:25px|text_align:left|color:%23000000&#8243; google_fonts=&#8221;font_family:Montserrat%3Aregular%2C700|font_style:400%20regular%3A400%3Anormal&#8221;][vc_separator color=&#8221;orange&#8221; align=&#8221;align_left&#8221; el_width=&#8221;80&#8243;][vc_row_inner][vc_column_inner width=&#8221;1\/4&#8243;]\n\t\t\t<div class=\"promo-banner text-left vertical-alignment-top banner- hover- color-scheme-light \"  >\n\n\t\t\t\t<div class=\"main-wrapp-img\">\n\t\t\t\t\t<div class=\"banner-image\">\n\t\t\t\t\t\t\t\t\t\t\t\t\t\t\t\t\t\t\t\t\t<img loading=\"lazy\" decoding=\"async\" width=\"620\" height=\"500\" src=\"https:\/\/tanerambalaj.com\/wp-content\/uploads\/2021\/04\/eps1.jpg\" class=\"promo-banner-image image-1 attachment-full\" alt=\"\" srcset=\"https:\/\/tanerambalaj.com\/wp-content\/uploads\/2021\/04\/eps1.jpg 620w, https:\/\/tanerambalaj.com\/wp-content\/uploads\/2021\/04\/eps1-300x242.jpg 300w\" sizes=\"auto, (max-width: 620px) 100vw, 620px\" \/>\t\t\t\t\t\t\t\t\t\t\t\t\t\t\t\t\t\t<\/div>\n\t\t\t\t<\/div>\n\n\t\t\t\t<div class=\"wrapper-content-baner\">\n\t\t\t\t\t<div class=\"banner-inner\">\n\t\t\t\t\t\t\t\t\t\t\t<\/div>\n\t\t\t\t<\/div>\n\n\t\t\t<\/div>\n\n\n\t\t[\/vc_column_inner][vc_column_inner width=&#8221;1\/4&#8243;]\n\t\t\t<div class=\"promo-banner text-left vertical-alignment-top banner- hover- color-scheme-light \"  >\n\n\t\t\t\t<div class=\"main-wrapp-img\">\n\t\t\t\t\t<div class=\"banner-image\">\n\t\t\t\t\t\t\t\t\t\t\t\t\t\t\t\t\t\t\t\t\t<img loading=\"lazy\" decoding=\"async\" width=\"620\" height=\"500\" src=\"https:\/\/tanerambalaj.com\/wp-content\/uploads\/2021\/04\/eps2.jpg\" class=\"promo-banner-image image-1 attachment-full\" alt=\"\" srcset=\"https:\/\/tanerambalaj.com\/wp-content\/uploads\/2021\/04\/eps2.jpg 620w, https:\/\/tanerambalaj.com\/wp-content\/uploads\/2021\/04\/eps2-300x242.jpg 300w\" sizes=\"auto, (max-width: 620px) 100vw, 620px\" \/>\t\t\t\t\t\t\t\t\t\t\t\t\t\t\t\t\t\t<\/div>\n\t\t\t\t<\/div>\n\n\t\t\t\t<div class=\"wrapper-content-baner\">\n\t\t\t\t\t<div class=\"banner-inner\">\n\t\t\t\t\t\t\t\t\t\t\t<\/div>\n\t\t\t\t<\/div>\n\n\t\t\t<\/div>\n\n\n\t\t[\/vc_column_inner][vc_column_inner width=&#8221;1\/4&#8243;][\/vc_column_inner][vc_column_inner width=&#8221;1\/4&#8243;][\/vc_column_inner][\/vc_row_inner][vc_column_text]<\/p>\n<p style=\"text-align: left;\">EPS, \u0130ngilizce \u201cExpanded Poly-Styrene\u201d s\u00f6zc\u00fcklerinin ba\u015f harfleriyle tan\u0131mlanan, \u00fclkemizde strafor ya da k\u00f6p\u00fck ad\u0131yla da bilinen ambalaj ve \u0131s\u0131 yal\u0131t\u0131m malzemesidir. EPS hammaddesi petrold\u00fcr. EPS \u00fcretiminde polistren tanecikleri pentan gaz\u0131yla geni\u015fletilir. Bu \u015fekilde geni\u015fletilen ve i\u00e7inde \u00e7ok say\u0131da gaz h\u00fccresi olu\u015fan polistren tanece\u011finin i\u00e7indeki pentan bir s\u00fcre sonra hava ile yer de\u011fi\u015ftir. Bu \u015fekilde olu\u015fan EPS\u2019nin %98\u2019i havad\u0131r. Bu \u00f6zelli\u011fi, EPS ye ambalaj malzemesi olarak hafiflik ve \u0131s\u0131 yal\u0131t\u0131m malzemesi olarak b\u00fcy\u00fck bir \u0131s\u0131l diren\u00e7 \u00f6zelli\u011fi kazand\u0131r\u0131r.<\/p>\n<p>[\/vc_column_text][\/vc_column][\/vc_row]<\/p>\n","protected":false},"excerpt":{"rendered":"<p>[vc_row][vc_column][vc_custom_heading text=&#8221;EPS Strafor&#8221; font_container=&#8221;tag:h1|font_size:25px|text_align:left|color:%23000000&#8243; google_fonts=&#8221;font_family:Montserrat%3Aregular%2C700|font_style:400%20regular%3A400%3Anormal&#8221;][vc_separator color=&#8221;orange&#8221; align=&#8221;align_left&#8221; el_width=&#8221;80&#8243;][vc_row_inner][vc_column_inner width=&#8221;1\/4&#8243;][\/vc_column_inner][vc_column_inner width=&#8221;1\/4&#8243;][\/vc_column_inner][vc_column_inner width=&#8221;1\/4&#8243;][\/vc_column_inner][vc_column_inner width=&#8221;1\/4&#8243;][\/vc_column_inner][\/vc_row_inner][vc_column_text] EPS, \u0130ngilizce \u201cExpanded Poly-Styrene\u201d s\u00f6zc\u00fcklerinin ba\u015f harfleriyle tan\u0131mlanan,<\/p>\n","protected":false},"author":1,"featured_media":0,"parent":0,"menu_order":0,"comment_status":"closed","ping_status":"closed","template":"","meta":{"footnotes":""},"class_list":["post-1796","page","type-page","status-publish","hentry"],"_links":{"self":[{"href":"https:\/\/tanerambalaj.com\/index.php\/wp-json\/wp\/v2\/pages\/1796","targetHints":{"allow":["GET"]}}],"collection":[{"href":"https:\/\/tanerambalaj.com\/index.php\/wp-json\/wp\/v2\/pages"}],"about":[{"href":"https:\/\/tanerambalaj.com\/index.php\/wp-json\/wp\/v2\/types\/page"}],"author":[{"embeddable":true,"href":"https:\/\/tanerambalaj.com\/index.php\/wp-json\/wp\/v2\/users\/1"}],"replies":[{"embeddable":true,"href":"https:\/\/tanerambalaj.com\/index.php\/wp-json\/wp\/v2\/comments?post=1796"}],"version-history":[{"count":4,"href":"https:\/\/tanerambalaj.com\/index.php\/wp-json\/wp\/v2\/pages\/1796\/revisions"}],"predecessor-version":[{"id":1897,"href":"https:\/\/tanerambalaj.com\/index.php\/wp-json\/wp\/v2\/pages\/1796\/revisions\/1897"}],"wp:attachment":[{"href":"https:\/\/tanerambalaj.com\/index.php\/wp-json\/wp\/v2\/media?parent=1796"}],"curies":[{"name":"wp","href":"https:\/\/api.w.org\/{rel}","templated":true}]}}