{"id":1798,"date":"2021-04-24T16:22:38","date_gmt":"2021-04-24T13:22:38","guid":{"rendered":"http:\/\/tanerambalaj.com\/?page_id=1798"},"modified":"2021-04-24T16:22:38","modified_gmt":"2021-04-24T13:22:38","slug":"kraft-ve-karton-kose-koruyucu","status":"publish","type":"page","link":"https:\/\/tanerambalaj.com\/index.php\/kraft-ve-karton-kose-koruyucu\/","title":{"rendered":"Kraft ve Karton K\u00f6\u015fe Koruyucu"},"content":{"rendered":"<p>[vc_row][vc_column][vc_custom_heading text=&#8221;Kraft ve Karton K\u00f6\u015fe Koruyucu&#8221; font_container=&#8221;tag:h1|font_size:25px|text_align:left|color:%23000000&#8243; google_fonts=&#8221;font_family:Montserrat%3Aregular%2C700|font_style:400%20regular%3A400%3Anormal&#8221;][vc_separator color=&#8221;orange&#8221; align=&#8221;align_left&#8221; el_width=&#8221;80&#8243;][vc_row_inner][vc_column_inner width=&#8221;1\/4&#8243;]\n\t\t\t<div class=\"promo-banner text-left vertical-alignment-top banner- hover- color-scheme-light \"  >\n\n\t\t\t\t<div class=\"main-wrapp-img\">\n\t\t\t\t\t<div class=\"banner-image\">\n\t\t\t\t\t\t\t\t\t\t\t\t\t\t\t\t\t\t\t\t\t<img loading=\"lazy\" decoding=\"async\" class=\"promo-banner-image image-1 \" src=\"https:\/\/tanerambalaj.com\/wp-content\/uploads\/2021\/04\/karton-kosee-1024x1024-1-800x600.jpg\" width=\"800\" height=\"600\" alt=\"karton-k\u00f6see-1024x1024\" title=\"karton-k\u00f6see-1024x1024\" \/>\t\t\t\t\t\t\t\t\t\t\t\t\t\t\t\t\t\t<\/div>\n\t\t\t\t<\/div>\n\n\t\t\t\t<div class=\"wrapper-content-baner\">\n\t\t\t\t\t<div class=\"banner-inner\">\n\t\t\t\t\t\t\t\t\t\t\t<\/div>\n\t\t\t\t<\/div>\n\n\t\t\t<\/div>\n\n\n\t\t[\/vc_column_inner][vc_column_inner width=&#8221;1\/4&#8243;]\n\t\t\t<div class=\"promo-banner text-left vertical-alignment-top banner- hover- color-scheme-light \"  >\n\n\t\t\t\t<div class=\"main-wrapp-img\">\n\t\t\t\t\t<div class=\"banner-image\">\n\t\t\t\t\t\t\t\t\t\t\t\t\t\t\t\t\t\t\t\t\t<img loading=\"lazy\" decoding=\"async\" class=\"promo-banner-image image-1 \" src=\"https:\/\/tanerambalaj.com\/wp-content\/uploads\/2021\/04\/kartonlu-birsey1-1024x1024-1-800x600.jpg\" width=\"800\" height=\"600\" alt=\"kartonlu-birsey1-1024x1024\" title=\"kartonlu-birsey1-1024x1024\" \/>\t\t\t\t\t\t\t\t\t\t\t\t\t\t\t\t\t\t<\/div>\n\t\t\t\t<\/div>\n\n\t\t\t\t<div class=\"wrapper-content-baner\">\n\t\t\t\t\t<div class=\"banner-inner\">\n\t\t\t\t\t\t\t\t\t\t\t<\/div>\n\t\t\t\t<\/div>\n\n\t\t\t<\/div>\n\n\n\t\t[\/vc_column_inner][vc_column_inner width=&#8221;1\/4&#8243;][\/vc_column_inner][vc_column_inner width=&#8221;1\/4&#8243;][\/vc_column_inner][\/vc_row_inner][vc_column_text]Palet dayan\u0131kl\u0131l\u0131\u011f\u0131n\u0131 artt\u0131r\u0131r; y\u00fckleme, nakliye ve stok s\u0131ras\u0131nda ambalajlanm\u0131\u015f \u00fcr\u00fcnlerin ezilerek ve da\u011f\u0131larak zarar g\u00f6rmesini engeller. Dikey k\u00f6\u015feleri, yatay k\u00f6\u015feleri ve \u00fcst k\u00f6\u015feleri korur. Dikey ta\u015f\u0131ma direncini artt\u0131r\u0131r. Nakliye ve stok esnas\u0131nda, 2 yada 3 paleti \u00fcst \u00fcste koyma imkan\u0131 vererek, yerden tasarruf sa\u011flar. Oluklu mukavva kutu dikey direncini artt\u0131rarak; kutular\u0131n da\u011f\u0131lmas\u0131n\u0131, \u00fcr\u00fcnlerin zarar g\u00f6rmesini engeller. \u00c7emberleme s\u0131ras\u0131nda \u00fcr\u00fcnlerin ve \u00fcr\u00fcn ambalajlar\u0131n\u0131n zarar g\u00f6rmesini engeller.[\/vc_column_text][\/vc_column][\/vc_row][vc_row][vc_column][vc_custom_heading text=&#8221;Plastik K\u00f6\u015fe Koruyucu&#8221; font_container=&#8221;tag:h1|font_size:25px|text_align:left|color:%23000000&#8243; google_fonts=&#8221;font_family:Montserrat%3Aregular%2C700|font_style:400%20regular%3A400%3Anormal&#8221;][vc_separator color=&#8221;orange&#8221; align=&#8221;align_left&#8221; el_width=&#8221;80&#8243;][vc_row_inner][vc_column_inner width=&#8221;1\/4&#8243;]\n\t\t\t<div class=\"promo-banner text-left vertical-alignment-top banner- hover- color-scheme-light \"  >\n\n\t\t\t\t<div class=\"main-wrapp-img\">\n\t\t\t\t\t<div class=\"banner-image\">\n\t\t\t\t\t\t\t\t\t\t\t\t\t\t\t\t\t\t\t\t\t<img loading=\"lazy\" decoding=\"async\" class=\"promo-banner-image image-1 \" src=\"https:\/\/tanerambalaj.com\/wp-content\/uploads\/2021\/04\/SIYAH-KOSEE-1024x1024-1-800x600.jpg\" width=\"800\" height=\"600\" alt=\"S\u0130YAH-K\u00d6SEE-1024x1024\" title=\"S\u0130YAH-K\u00d6SEE-1024x1024\" \/>\t\t\t\t\t\t\t\t\t\t\t\t\t\t\t\t\t\t<\/div>\n\t\t\t\t<\/div>\n\n\t\t\t\t<div class=\"wrapper-content-baner\">\n\t\t\t\t\t<div class=\"banner-inner\">\n\t\t\t\t\t\t\t\t\t\t\t<\/div>\n\t\t\t\t<\/div>\n\n\t\t\t<\/div>\n\n\n\t\t[\/vc_column_inner][vc_column_inner width=&#8221;1\/4&#8243;][\/vc_column_inner][vc_column_inner width=&#8221;1\/4&#8243;][\/vc_column_inner][vc_column_inner width=&#8221;1\/4&#8243;][\/vc_column_inner][\/vc_row_inner][vc_column_text]Plastik K\u00f6\u015febent (K\u00f6\u015fe koruyucusu), \u00fcr\u00fcnlerinizin ambalanjlamas\u0131 ve ta\u015f\u0131nmas\u0131 s\u0131ras\u0131nda zarar g\u00f6rmemesi, \u00fcr\u00fcn kolisinin \u00e7evresine sar\u0131lan \u00e7ember \u015feridin koliye zarar vermemesi i\u00e7in kullan\u0131lan bir \u00fcr\u00fcnd\u00fcr. Plastik palet k\u00f6\u015fe koruyucusu, koli k\u00f6\u015fe koruyucusu, plastik k\u00f6\u015febent, plastik palet koli k\u00f6\u015febendi, \u00e7ember k\u00f6\u015fesi gibi isimlerle de an\u0131lan \u00fcr\u00fcn\u00fcm\u00fcz, depolama ve nakliyede meydana gelebilecek hasarlar\u0131 en aza indirerek malzemelerinizi korur. K\u00f6\u015fe koruyucular\u0131 (k\u00f6\u015febentler) istedi\u011finiz ebatta, kalitede ve hesapl\u0131 \u015fekilde kullan\u0131m\u0131n\u0131za sunulmaktad\u0131r. Size \u00f6zel \u00e7\u00f6z\u00fcmler ve plastik k\u00f6\u015febent \/ k\u00f6\u015fe koruyucu fiyatlar\u0131 ile ilgili bize ula\u015f\u0131n\u0131z.[\/vc_column_text][\/vc_column][\/vc_row][vc_row][vc_column][vc_custom_heading text=&#8221;Polietilen K\u00f6\u015fe Koruyucu&#8221; font_container=&#8221;tag:h1|font_size:25px|text_align:left|color:%23000000&#8243; google_fonts=&#8221;font_family:Montserrat%3Aregular%2C700|font_style:400%20regular%3A400%3Anormal&#8221;][vc_separator color=&#8221;orange&#8221; align=&#8221;align_left&#8221; el_width=&#8221;80&#8243;][vc_row_inner][vc_column_inner width=&#8221;1\/4&#8243;]\n\t\t\t<div class=\"promo-banner text-left vertical-alignment-top banner- hover- color-scheme-light \"  >\n\n\t\t\t\t<div class=\"main-wrapp-img\">\n\t\t\t\t\t<div class=\"banner-image\">\n\t\t\t\t\t\t\t\t\t\t\t\t\t\t\t\t\t\t\t\t\t<img loading=\"lazy\" decoding=\"async\" class=\"promo-banner-image image-1 \" src=\"https:\/\/tanerambalaj.com\/wp-content\/uploads\/2021\/04\/IMG_5001-1024x683-1-800x600.jpg\" width=\"800\" height=\"600\" alt=\"IMG_5001-1024x683\" title=\"IMG_5001-1024x683\" \/>\t\t\t\t\t\t\t\t\t\t\t\t\t\t\t\t\t\t<\/div>\n\t\t\t\t<\/div>\n\n\t\t\t\t<div class=\"wrapper-content-baner\">\n\t\t\t\t\t<div class=\"banner-inner\">\n\t\t\t\t\t\t\t\t\t\t\t<\/div>\n\t\t\t\t<\/div>\n\n\t\t\t<\/div>\n\n\n\t\t[\/vc_column_inner][vc_column_inner width=&#8221;1\/4&#8243;][\/vc_column_inner][vc_column_inner width=&#8221;1\/4&#8243;][\/vc_column_inner][vc_column_inner width=&#8221;1\/4&#8243;][\/vc_column_inner][\/vc_row_inner][\/vc_column][\/vc_row][vc_row][vc_column][vc_column_text]Masif, cam, elektronik e\u015fyalar i\u00e7in K\u00f6\u015fe Koruma \u00fcr\u00fcn\u00fc olarak kullan\u0131l\u0131r. Esnekli\u011fi sebebiyle k\u00f6\u015fe korumada en ideal ambalajlama malzemesidir. % 100 geri d\u00f6n\u00fc\u015f\u00fcml\u00fc oldu\u011fundan \u00e7evre dostu bir \u00fcr\u00fcnd\u00fcr. Yap\u0131s\u0131nda ozon tabakas\u0131n\u0131 inceltici gazlar CFC ve HCFC i\u00e7ermez. ROHS direktifinde 2002\/95\/EC kullan\u0131m\u0131 yasak olan be\u015f maddeyi i\u00e7ermez. Kur\u015fun, Katmium, Civa, Kromyum(VI) ve PBB\/PBDE gibi a\u011f\u0131r metaller kullan\u0131lmaz. Optimum yo\u011funlukta \u00fcretilmektedir. ( 25-40 kg\/m\u00b3 ) Kapal\u0131 h\u00fccre yap\u0131s\u0131 sayesinde su, nem, toz, ya\u011f gibi etkenleri \u00fczerinde bar\u0131nd\u0131rmaz. Kimyasallara kar\u015f\u0131 diren\u00e7lidir. Hijyeniktir. Bakteri \u00fcremesine izin vermez. S\u0131cakl\u0131k dayan\u0131m\u0131 \u2013 40 \u00baC + 100 \u00baC \u2018 dir. Kapal\u0131 h\u00fccre yap\u0131s\u0131 ve esnekli\u011fi sayesinde mekanik darbeleri engeller.[\/vc_column_text][\/vc_column][\/vc_row]<\/p>\n","protected":false},"excerpt":{"rendered":"<p>[vc_row][vc_column][vc_custom_heading text=&#8221;Kraft ve Karton K\u00f6\u015fe Koruyucu&#8221; font_container=&#8221;tag:h1|font_size:25px|text_align:left|color:%23000000&#8243; google_fonts=&#8221;font_family:Montserrat%3Aregular%2C700|font_style:400%20regular%3A400%3Anormal&#8221;][vc_separator color=&#8221;orange&#8221; align=&#8221;align_left&#8221; el_width=&#8221;80&#8243;][vc_row_inner][vc_column_inner width=&#8221;1\/4&#8243;][\/vc_column_inner][vc_column_inner width=&#8221;1\/4&#8243;][\/vc_column_inner][vc_column_inner width=&#8221;1\/4&#8243;][\/vc_column_inner][vc_column_inner width=&#8221;1\/4&#8243;][\/vc_column_inner][\/vc_row_inner][vc_column_text]Palet dayan\u0131kl\u0131l\u0131\u011f\u0131n\u0131 artt\u0131r\u0131r; y\u00fckleme, nakliye ve<\/p>\n","protected":false},"author":1,"featured_media":0,"parent":0,"menu_order":0,"comment_status":"closed","ping_status":"closed","template":"","meta":{"footnotes":""},"class_list":["post-1798","page","type-page","status-publish","hentry"],"_links":{"self":[{"href":"https:\/\/tanerambalaj.com\/index.php\/wp-json\/wp\/v2\/pages\/1798","targetHints":{"allow":["GET"]}}],"collection":[{"href":"https:\/\/tanerambalaj.com\/index.php\/wp-json\/wp\/v2\/pages"}],"about":[{"href":"https:\/\/tanerambalaj.com\/index.php\/wp-json\/wp\/v2\/types\/page"}],"author":[{"embeddable":true,"href":"https:\/\/tanerambalaj.com\/index.php\/wp-json\/wp\/v2\/users\/1"}],"replies":[{"embeddable":true,"href":"https:\/\/tanerambalaj.com\/index.php\/wp-json\/wp\/v2\/comments?post=1798"}],"version-history":[{"count":1,"href":"https:\/\/tanerambalaj.com\/index.php\/wp-json\/wp\/v2\/pages\/1798\/revisions"}],"predecessor-version":[{"id":1803,"href":"https:\/\/tanerambalaj.com\/index.php\/wp-json\/wp\/v2\/pages\/1798\/revisions\/1803"}],"wp:attachment":[{"href":"https:\/\/tanerambalaj.com\/index.php\/wp-json\/wp\/v2\/media?parent=1798"}],"curies":[{"name":"wp","href":"https:\/\/api.w.org\/{rel}","templated":true}]}}