{"id":1804,"date":"2021-04-24T17:14:20","date_gmt":"2021-04-24T14:14:20","guid":{"rendered":"http:\/\/tanerambalaj.com\/?page_id=1804"},"modified":"2021-04-24T17:14:20","modified_gmt":"2021-04-24T14:14:20","slug":"strec-film","status":"publish","type":"page","link":"https:\/\/tanerambalaj.com\/index.php\/strec-film\/","title":{"rendered":"Stre\u00e7 Film"},"content":{"rendered":"<p>[vc_row][vc_column][vc_custom_heading text=&#8221;Stre\u00e7 Film&#8221; font_container=&#8221;tag:h1|font_size:25px|text_align:left|color:%23000000&#8243; google_fonts=&#8221;font_family:Montserrat%3Aregular%2C700|font_style:400%20regular%3A400%3Anormal&#8221;][vc_separator color=&#8221;orange&#8221; align=&#8221;align_left&#8221; el_width=&#8221;80&#8243;][vc_row_inner][vc_column_inner width=&#8221;1\/4&#8243;]\n\t\t\t<div class=\"promo-banner text-left vertical-alignment-top banner- hover- color-scheme-light \"  >\n\n\t\t\t\t<div class=\"main-wrapp-img\">\n\t\t\t\t\t<div class=\"banner-image\">\n\t\t\t\t\t\t\t\t\t\t\t\t\t\t\t\t\t\t\t\t\t<img loading=\"lazy\" decoding=\"async\" class=\"promo-banner-image image-1 \" src=\"https:\/\/tanerambalaj.com\/wp-content\/uploads\/2021\/04\/strec-film-9dd6-800x600.jpg\" width=\"800\" height=\"600\" alt=\"strec-film-9dd6\" title=\"strec-film-9dd6\" \/>\t\t\t\t\t\t\t\t\t\t\t\t\t\t\t\t\t\t<\/div>\n\t\t\t\t<\/div>\n\n\t\t\t\t<div class=\"wrapper-content-baner\">\n\t\t\t\t\t<div class=\"banner-inner\">\n\t\t\t\t\t\t\t\t\t\t\t<\/div>\n\t\t\t\t<\/div>\n\n\t\t\t<\/div>\n\n\n\t\t[\/vc_column_inner][vc_column_inner width=&#8221;1\/4&#8243;]\n\t\t\t<div class=\"promo-banner text-left vertical-alignment-top banner- hover- color-scheme-light \"  >\n\n\t\t\t\t<div class=\"main-wrapp-img\">\n\t\t\t\t\t<div class=\"banner-image\">\n\t\t\t\t\t\t\t\t\t\t\t\t\t\t\t\t\t\t\t\t\t<img loading=\"lazy\" decoding=\"async\" class=\"promo-banner-image image-1 \" src=\"https:\/\/tanerambalaj.com\/wp-content\/uploads\/2021\/04\/IMG_5028-1024x683-1-800x600.jpg\" width=\"800\" height=\"600\" alt=\"IMG_5028-1024x683\" title=\"IMG_5028-1024x683\" \/>\t\t\t\t\t\t\t\t\t\t\t\t\t\t\t\t\t\t<\/div>\n\t\t\t\t<\/div>\n\n\t\t\t\t<div class=\"wrapper-content-baner\">\n\t\t\t\t\t<div class=\"banner-inner\">\n\t\t\t\t\t\t\t\t\t\t\t<\/div>\n\t\t\t\t<\/div>\n\n\t\t\t<\/div>\n\n\n\t\t[\/vc_column_inner][vc_column_inner width=&#8221;1\/4&#8243;][\/vc_column_inner][vc_column_inner width=&#8221;1\/4&#8243;][\/vc_column_inner][\/vc_row_inner][vc_column_text]Stre\u00e7 film, ambalajlama i\u00e7in en ekonomik \u00e7\u00f6z\u00fcmd\u00fcr. \u00dcr\u00fcn\u00fcn\u00fcz\u00fc g\u00fcvenle sarmas\u0131n\u0131n yan\u0131 s\u0131ra hafifli\u011fi sayesinde ta\u015f\u0131mada \u00fcr\u00fcne ek bir a\u011f\u0131rl\u0131k getirmez. Keskin kenarlar\u0131 y\u0131rt\u0131lmadan sarar,esnek ve kuvvetlidir. Ya\u011fmurdan etkilenmez. Stre\u00e7 filmim i\u00e7 k\u0131smu yap\u0131\u015fkanl\u0131 oldu\u011fundan dolay\u0131 \u00fcr\u00fcne \u0131s\u0131 vermenize yada ba\u015fka bir malzeme ile sabitlemenize gerek kalmaz. \u00c7ok ekonomiktir; i\u015f\u00e7ilikten ve zamandan b\u00fcy\u00fck kazan\u00e7 sa\u011flar. Normal ko\u015fullar alt\u0131nda -40 C\u2019den +80 C\u2019ye kadar dayan\u0131kl\u0131d\u0131r. 17 ve 23 mikron kal\u0131nl\u0131klar\u0131nda standart olarak \u00fcretilmektedir. Standart olarak, stre\u00e7 bobinlerimiz 300mt`dir. Uluslararas\u0131 standarda uygundur.[\/vc_column_text][\/vc_column][\/vc_row]<\/p>\n","protected":false},"excerpt":{"rendered":"<p>[vc_row][vc_column][vc_custom_heading text=&#8221;Stre\u00e7 Film&#8221; font_container=&#8221;tag:h1|font_size:25px|text_align:left|color:%23000000&#8243; google_fonts=&#8221;font_family:Montserrat%3Aregular%2C700|font_style:400%20regular%3A400%3Anormal&#8221;][vc_separator color=&#8221;orange&#8221; align=&#8221;align_left&#8221; el_width=&#8221;80&#8243;][vc_row_inner][vc_column_inner width=&#8221;1\/4&#8243;][\/vc_column_inner][vc_column_inner width=&#8221;1\/4&#8243;][\/vc_column_inner][vc_column_inner width=&#8221;1\/4&#8243;][\/vc_column_inner][vc_column_inner width=&#8221;1\/4&#8243;][\/vc_column_inner][\/vc_row_inner][vc_column_text]Stre\u00e7 film, ambalajlama i\u00e7in en ekonomik \u00e7\u00f6z\u00fcmd\u00fcr. \u00dcr\u00fcn\u00fcn\u00fcz\u00fc g\u00fcvenle<\/p>\n","protected":false},"author":1,"featured_media":0,"parent":0,"menu_order":0,"comment_status":"closed","ping_status":"closed","template":"","meta":{"footnotes":""},"class_list":["post-1804","page","type-page","status-publish","hentry"],"_links":{"self":[{"href":"https:\/\/tanerambalaj.com\/index.php\/wp-json\/wp\/v2\/pages\/1804","targetHints":{"allow":["GET"]}}],"collection":[{"href":"https:\/\/tanerambalaj.com\/index.php\/wp-json\/wp\/v2\/pages"}],"about":[{"href":"https:\/\/tanerambalaj.com\/index.php\/wp-json\/wp\/v2\/types\/page"}],"author":[{"embeddable":true,"href":"https:\/\/tanerambalaj.com\/index.php\/wp-json\/wp\/v2\/users\/1"}],"replies":[{"embeddable":true,"href":"https:\/\/tanerambalaj.com\/index.php\/wp-json\/wp\/v2\/comments?post=1804"}],"version-history":[{"count":1,"href":"https:\/\/tanerambalaj.com\/index.php\/wp-json\/wp\/v2\/pages\/1804\/revisions"}],"predecessor-version":[{"id":1809,"href":"https:\/\/tanerambalaj.com\/index.php\/wp-json\/wp\/v2\/pages\/1804\/revisions\/1809"}],"wp:attachment":[{"href":"https:\/\/tanerambalaj.com\/index.php\/wp-json\/wp\/v2\/media?parent=1804"}],"curies":[{"name":"wp","href":"https:\/\/api.w.org\/{rel}","templated":true}]}}