{"id":1865,"date":"2021-04-27T14:39:44","date_gmt":"2021-04-27T11:39:44","guid":{"rendered":"http:\/\/tanerambalaj.com\/?page_id=1865"},"modified":"2021-04-27T14:39:44","modified_gmt":"2021-04-27T11:39:44","slug":"z-karton","status":"publish","type":"page","link":"https:\/\/tanerambalaj.com\/index.php\/z-karton\/","title":{"rendered":"Z Karton"},"content":{"rendered":"<p>[vc_row][vc_column][vc_custom_heading text=&#8221;Z Karton&#8221; font_container=&#8221;tag:h1|font_size:25px|text_align:left|color:%23000000&#8243; google_fonts=&#8221;font_family:Montserrat%3Aregular%2C700|font_style:400%20regular%3A400%3Anormal&#8221;][vc_separator color=&#8221;orange&#8221; align=&#8221;align_left&#8221; el_width=&#8221;80&#8243;][vc_row_inner][vc_column_inner width=&#8221;1\/4&#8243;]\n\t\t\t<div class=\"promo-banner text-left vertical-alignment-top banner- hover- color-scheme-light \"  >\n\n\t\t\t\t<div class=\"main-wrapp-img\">\n\t\t\t\t\t<div class=\"banner-image\">\n\t\t\t\t\t\t\t\t\t\t\t\t\t\t\t\t\t\t\t\t\t<img loading=\"lazy\" decoding=\"async\" class=\"promo-banner-image image-1 \" src=\"https:\/\/tanerambalaj.com\/wp-content\/uploads\/2021\/04\/z-karton-800x500.jpg\" width=\"800\" height=\"500\" alt=\"z-karton\" title=\"z-karton\" \/>\t\t\t\t\t\t\t\t\t\t\t\t\t\t\t\t\t\t<\/div>\n\t\t\t\t<\/div>\n\n\t\t\t\t<div class=\"wrapper-content-baner\">\n\t\t\t\t\t<div class=\"banner-inner\">\n\t\t\t\t\t\t\t\t\t\t\t<\/div>\n\t\t\t\t<\/div>\n\n\t\t\t<\/div>\n\n\n\t\t[\/vc_column_inner][vc_column_inner width=&#8221;1\/4&#8243;][\/vc_column_inner][vc_column_inner width=&#8221;1\/4&#8243;][\/vc_column_inner][vc_column_inner width=&#8221;1\/4&#8243;][\/vc_column_inner][\/vc_row_inner][vc_column_text]<\/p>\n<p style=\"text-align: center;\">Zkarton, bir akardiyon \u015feklinde katlanm\u0131\u015f kesintisiz bir oluklu mukavva tabakas\u0131d\u0131r. \u00c7ok say\u0131da farkl\u0131 ebatta \u00fcr\u00fcne sahip olan ve \u00e7ok say\u0131da farkl\u0131 ambalaj \u00f6zelli\u011fi kullanan m\u00fc\u015fteriler i\u00e7in ideal bir \u00e7\u00f6z\u00fcmd\u00fcr. Zkarton, daha az boyutun stokta tutulmas\u0131 gerekti\u011finden, ambalaj\u0131n\u0131zda daha az malzeme kullanman\u0131za yard\u0131mc\u0131 olarak ve stoklar\u0131 d\u00fc\u015f\u00fcrerek uygun maliyetli bir \u00e7\u00f6z\u00fcm sunar. \u00c7e\u015fitli ebat ve miktarlarda farkl\u0131 \u00fcr\u00fcnleri paketlemek i\u00e7in kullan\u0131labildi\u011finden maksimum esneklik sunar. Kendi tesisinizde, ihtiya\u00e7lar\u0131n\u0131za g\u00f6re istedi\u011finiz \u00f6l\u00e7\u00fcye g\u00f6re paketler olu\u015fturman\u0131za olanak tan\u0131yan \u00f6zel Zkarton kesme makineleri de mevcuttur.<\/p>\n<p>[\/vc_column_text][\/vc_column][\/vc_row][vc_row][vc_column][vc_column_text]<\/p>\n<h3 class=\"tbk__title\">FAYDALARI<\/h3>\n<div class=\"tbk__text\">\n<ul class=\"font_9 wix-list-text-align color_11\">\n<li>\n<p class=\"font_9\"><span class=\"color_11\">Nakliye hasar\u0131nda azalma.\u00a0<\/span><\/p>\n<\/li>\n<li>\n<p class=\"font_9\"><span class=\"color_11\">Daha d\u00fc\u015f\u00fck stok\u00a0&#8211; bir\u00e7ok ayr\u0131 paketleme format\u0131n\u0131n yerini al\u0131r.<\/span><\/p>\n<\/li>\n<li>\n<p class=\"font_9\"><span class=\"color_11\">Daha az y\u00f6netim &#8211; basitle\u015ftirilmi\u015f depolama, stok y\u00f6netimi ve sipari\u015f.\u00a0<\/span><\/p>\n<\/li>\n<li>\n<p class=\"font_9\"><span class=\"color_11\">Azalt\u0131lm\u0131\u015f malzeme t\u00fcketimi &#8211; ekstra dolgu malzemesi ihtiyac\u0131n\u0131 ortadan kald\u0131r\u0131r.\u00a0<\/span><\/p>\n<\/li>\n<li>\n<p class=\"font_9\"><span class=\"color_11\">Ara\u00e7lar\u0131n optimize edilmi\u015f kapasite kullan\u0131m\u0131 nedeniyle azalan nakliye maliyetleri.<\/span><\/p>\n<\/li>\n<li>\n<p class=\"font_9\"><span class=\"color_11\">Bask\u0131l\u0131 olarak tedarik edilebilir<\/span><\/p>\n<\/li>\n<li>\n<p class=\"font_9\"><span class=\"color_11\">K\u0131sa teslim s\u00fcreleri.<\/span><\/p>\n<\/li>\n<li>\n<p class=\"font_9\"><span class=\"color_11\">D\u00fc\u015f\u00fck minimum sipari\u015f miktar\u0131<\/span><\/p>\n<\/li>\n<\/ul>\n<\/div>\n<p>[\/vc_column_text][\/vc_column][\/vc_row][vc_row][vc_column][vc_column_text]<\/p>\n<h3 class=\"tbk__title\">TEKN\u0130K B\u0130LG\u0130LER<\/h3>\n<div class=\"tbk__text\">\n<p class=\"font_9\"><span class=\"color_11\"><strong>BC Dalga Zkarton:<\/strong>\u00a0A\u011f\u0131r y\u00fcklerde ve genelde dikey y\u00fcksek kolilerde tercih edilir. \u00c7ift dalga oluklu mukavva olmas\u0131ndan dolay\u0131 mukavvemeti y\u00fcksektir.<\/span><\/p>\n<p class=\"font_9\"><span class=\"color_11\"><strong>C Dalga Zkarton:<\/strong>\u00a0Dikey \u00f6l\u00e7\u00fclerde hafif y\u00fcklerde tercih edilir.<\/span><\/p>\n<p class=\"font_9\"><span class=\"color_11\"><strong>B Dalga Zkarton:<\/strong>\u00a0Yatay kutularda tercih edilir, oluklu yap\u0131s\u0131n\u0131n s\u0131k olmas\u0131ndan dolay\u0131 g\u00fc\u00e7l\u00fc koruyuculuk sa\u011flar.<\/span><\/p>\n<\/div>\n<p>[\/vc_column_text][\/vc_column][\/vc_row]<\/p>\n","protected":false},"excerpt":{"rendered":"<p>[vc_row][vc_column][vc_custom_heading text=&#8221;Z Karton&#8221; font_container=&#8221;tag:h1|font_size:25px|text_align:left|color:%23000000&#8243; google_fonts=&#8221;font_family:Montserrat%3Aregular%2C700|font_style:400%20regular%3A400%3Anormal&#8221;][vc_separator color=&#8221;orange&#8221; align=&#8221;align_left&#8221; el_width=&#8221;80&#8243;][vc_row_inner][vc_column_inner width=&#8221;1\/4&#8243;][\/vc_column_inner][vc_column_inner width=&#8221;1\/4&#8243;][\/vc_column_inner][vc_column_inner width=&#8221;1\/4&#8243;][\/vc_column_inner][vc_column_inner width=&#8221;1\/4&#8243;][\/vc_column_inner][\/vc_row_inner][vc_column_text] Zkarton, bir akardiyon \u015feklinde katlanm\u0131\u015f kesintisiz bir oluklu<\/p>\n","protected":false},"author":1,"featured_media":0,"parent":0,"menu_order":0,"comment_status":"closed","ping_status":"closed","template":"","meta":{"footnotes":""},"class_list":["post-1865","page","type-page","status-publish","hentry"],"_links":{"self":[{"href":"https:\/\/tanerambalaj.com\/index.php\/wp-json\/wp\/v2\/pages\/1865","targetHints":{"allow":["GET"]}}],"collection":[{"href":"https:\/\/tanerambalaj.com\/index.php\/wp-json\/wp\/v2\/pages"}],"about":[{"href":"https:\/\/tanerambalaj.com\/index.php\/wp-json\/wp\/v2\/types\/page"}],"author":[{"embeddable":true,"href":"https:\/\/tanerambalaj.com\/index.php\/wp-json\/wp\/v2\/users\/1"}],"replies":[{"embeddable":true,"href":"https:\/\/tanerambalaj.com\/index.php\/wp-json\/wp\/v2\/comments?post=1865"}],"version-history":[{"count":1,"href":"https:\/\/tanerambalaj.com\/index.php\/wp-json\/wp\/v2\/pages\/1865\/revisions"}],"predecessor-version":[{"id":1867,"href":"https:\/\/tanerambalaj.com\/index.php\/wp-json\/wp\/v2\/pages\/1865\/revisions\/1867"}],"wp:attachment":[{"href":"https:\/\/tanerambalaj.com\/index.php\/wp-json\/wp\/v2\/media?parent=1865"}],"curies":[{"name":"wp","href":"https:\/\/api.w.org\/{rel}","templated":true}]}}